{"id":22490,"date":"2025-03-05T13:04:08","date_gmt":"2025-03-05T12:04:08","guid":{"rendered":"https:\/\/plasticpuglia.com\/productos\/"},"modified":"2025-04-15T09:32:32","modified_gmt":"2025-04-15T07:32:32","slug":"prodotto","status":"publish","type":"page","link":"https:\/\/plasticpuglia.com\/es\/prodotto\/","title":{"rendered":"Productos"},"content":{"rendered":"\t\t<div data-elementor-type=\"wp-page\" data-elementor-id=\"22490\" class=\"elementor elementor-22490 elementor-22486\" data-elementor-post-type=\"page\">\n\t\t\t\t<div class=\"elementor-element elementor-element-66529d1 e-con-full e-flex e-con e-parent\" data-id=\"66529d1\" data-element_type=\"container\" data-e-type=\"container\">\n\t\t\t\t<div class=\"elementor-element elementor-element-052b820 elementor-widget elementor-widget-template\" data-id=\"052b820\" data-element_type=\"widget\" data-e-type=\"widget\" data-widget_type=\"template.default\">\n\t\t\t\t<div class=\"elementor-widget-container\">\n\t\t\t\t\t\t\t<div class=\"elementor-template\">\n\t\t\t\t\t<div data-elementor-type=\"archive\" data-elementor-id=\"22517\" class=\"elementor elementor-22517 elementor-19570 elementor-19570\" data-elementor-post-type=\"elementor_library\">\n\t\t\t<div class=\"elementor-element elementor-element-6b81eba e-con-full e-flex e-con e-parent\" data-id=\"6b81eba\" data-element_type=\"container\" data-e-type=\"container\" data-settings=\"{&quot;background_background&quot;:&quot;classic&quot;}\">\n\t\t<div class=\"elementor-element elementor-element-887d58c e-con-full e-flex e-con e-child\" data-id=\"887d58c\" data-element_type=\"container\" data-e-type=\"container\" data-settings=\"{&quot;background_background&quot;:&quot;classic&quot;}\">\n\t\t<div class=\"elementor-element elementor-element-156a276 gradient-archive e-flex e-con-boxed e-con e-child\" data-id=\"156a276\" data-element_type=\"container\" data-e-type=\"container\">\n\t\t\t\t\t<div class=\"e-con-inner\">\n\t\t\t\t\t<\/div>\n\t\t\t\t<\/div>\n\t\t<div class=\"elementor-element elementor-element-e6f391a bg-image e-con-full e-flex e-con e-child\" data-id=\"e6f391a\" data-element_type=\"container\" data-e-type=\"container\" data-settings=\"{&quot;background_background&quot;:&quot;classic&quot;}\">\n\t\t\t\t<\/div>\n\t\t<div class=\"elementor-element elementor-element-367cf1f e-flex e-con-boxed e-con e-child\" data-id=\"367cf1f\" data-element_type=\"container\" data-e-type=\"container\">\n\t\t\t\t\t<div class=\"e-con-inner\">\n\t\t\t\t<div class=\"elementor-element elementor-element-2043c1b elementor-widget elementor-widget-quilia-breadcrumbs\" data-id=\"2043c1b\" data-element_type=\"widget\" data-e-type=\"widget\" data-widget_type=\"quilia-breadcrumbs.default\">\n\t\t\t\t<div class=\"elementor-widget-container\">\n\t\t\t\t\t<div class=\"quilia-breadcrumbs\"><a href=\"https:\/\/plasticpuglia.com\/es\/\" style=\"text-transform:uppercase\">Plastic-Puglia<\/a><\/div>\t\t\t\t<\/div>\n\t\t\t\t<\/div>\n\t\t\t\t<div class=\"elementor-element elementor-element-55e8883 elementor-widget elementor-widget-text-editor\" data-id=\"55e8883\" data-element_type=\"widget\" data-e-type=\"widget\" data-widget_type=\"text-editor.default\">\n\t\t\t\t\t\t\t\t\t<p>Tecnolog\u00edas avanzadas de riego: l\u00edneas de goteo, tuber\u00edas, layflats, fertirrigadores, filtros, v\u00e1lvulas y sistemas de automatizaci\u00f3n<\/p>\n\t\t\t\t\t\t\t\t<\/div>\n\t\t\t\t\t<\/div>\n\t\t\t\t<\/div>\n\t\t\t\t<\/div>\n\t\t\t\t<\/div>\n\t\t<div class=\"elementor-element elementor-element-a0cfbd5 e-flex e-con-boxed e-con e-parent\" data-id=\"a0cfbd5\" data-element_type=\"container\" data-e-type=\"container\" data-settings=\"{&quot;background_background&quot;:&quot;classic&quot;}\">\n\t\t\t\t\t<div class=\"e-con-inner\">\n\t\t<div class=\"elementor-element elementor-element-67df11b e-con-full e-flex e-con e-child\" data-id=\"67df11b\" data-element_type=\"container\" data-e-type=\"container\">\n\t\t\t\t<div class=\"elementor-element elementor-element-3555be2 animated-slow elementor-invisible elementor-widget elementor-widget-heading\" data-id=\"3555be2\" data-element_type=\"widget\" data-e-type=\"widget\" data-settings=\"{&quot;_animation&quot;:&quot;fadeIn&quot;,&quot;_animation_delay&quot;:300}\" data-widget_type=\"heading.default\">\n\t\t\t\t\t<h1 class=\"elementor-heading-title elementor-size-default\">Nuestras soluciones de riego por goteo<\/h1>\t\t\t\t<\/div>\n\t\t\t\t<\/div>\n\t\t<div class=\"elementor-element elementor-element-46d94e1 e-flex e-con-boxed e-con e-child\" data-id=\"46d94e1\" data-element_type=\"container\" data-e-type=\"container\" data-settings=\"{&quot;background_background&quot;:&quot;classic&quot;}\">\n\t\t\t\t\t<div class=\"e-con-inner\">\n\t\t<a class=\"elementor-element elementor-element-1af274d aratio1 e-con-full e-flex elementor-invisible e-con e-child\" data-id=\"1af274d\" data-element_type=\"container\" data-e-type=\"container\" data-settings=\"{&quot;background_background&quot;:&quot;classic&quot;,&quot;animation&quot;:&quot;fadeIn&quot;,&quot;animation_delay&quot;:750}\" href=\"https:\/\/plasticpuglia.com\/categoria\/ali-gocciolanti\/\">\n\t\t\t\t<div class=\"elementor-element elementor-element-9df77cb elementor-view-default elementor-widget elementor-widget-icon\" data-id=\"9df77cb\" data-element_type=\"widget\" data-e-type=\"widget\" data-widget_type=\"icon.default\">\n\t\t\t\t\t\t\t<div class=\"elementor-icon-wrapper\">\n\t\t\t<div class=\"elementor-icon\">\n\t\t\t<svg xmlns=\"http:\/\/www.w3.org\/2000\/svg\" id=\"bafe2a0e-4a29-4c0b-a14a-76a4932042b8\" data-name=\"Livello 1\" viewBox=\"0 0 1000 1000\"><defs><style>.e185917e-eeae-436f-ba8c-15faa37bb624{fill:#fff;}<\/style><\/defs><path class=\"e185917e-eeae-436f-ba8c-15faa37bb624\" d=\"M804.58,328.85h0a17.91,17.91,0,0,1,18,18V503.66a18,18,0,1,1-36.05,0V346.87a17.9,17.9,0,0,1,18-18\"><\/path><path class=\"e185917e-eeae-436f-ba8c-15faa37bb624\" d=\"M195.45,328.85h0a17.91,17.91,0,0,1,18,18V503.66a18,18,0,1,1-36,0V346.87c-.67-10.41,7.61-18,18-18\"><\/path><path class=\"e185917e-eeae-436f-ba8c-15faa37bb624\" d=\"M523.58,559.06c11.82,17.36,20.1,30.51,24.31,38.86,2.81,4.89,4.14,10.42,4.89,16.62v6.29a50.57,50.57,0,0,1-13.9,35.4c-5.54,5.53-11.83,9-19.44,11.82-13.88,4.13-27,4.13-38.86,0-7.61-2.81-13.89-6.29-19.43-11.82a50.4,50.4,0,0,1-13.9-35.4v-6.29a38.75,38.75,0,0,1,5.55-16.62c4.12-8.35,11.82-21.5,24.31-38.86,11.07-15.31,18.77-29.86,23.56-44.41,4.14,13.89,11.83,28.45,22.91,44.41\"><\/path><path class=\"e185917e-eeae-436f-ba8c-15faa37bb624\" d=\"M540.2,430.55H460.41v-9.34H540.2ZM767.78,353H232.16a7.7,7.7,0,0,0-7.6,7.61V490.33a7.7,7.7,0,0,0,7.6,7.61h535a7.7,7.7,0,0,0,7.61-7.61V360.59c.66-4.14-2.81-7.61-7-7.61\"><\/path><\/svg>\t\t\t<\/div>\n\t\t<\/div>\n\t\t\t\t\t\t<\/div>\n\t\t\t\t<div class=\"elementor-element elementor-element-f164b6e elementor-widget elementor-widget-heading\" data-id=\"f164b6e\" data-element_type=\"widget\" data-e-type=\"widget\" data-widget_type=\"heading.default\">\n\t\t\t\t\t<h3 class=\"elementor-heading-title elementor-size-default\">Cintas de goteo<\/h3>\t\t\t\t<\/div>\n\t\t\t\t<\/a>\n\t\t<a class=\"elementor-element elementor-element-19b17ae aratio1 e-con-full e-flex elementor-invisible e-con e-child\" data-id=\"19b17ae\" data-element_type=\"container\" data-e-type=\"container\" data-settings=\"{&quot;background_background&quot;:&quot;classic&quot;,&quot;animation&quot;:&quot;fadeIn&quot;,&quot;animation_delay&quot;:750}\" href=\"https:\/\/plasticpuglia.com\/categoria\/giardinaggio\/\">\n\t\t\t\t<div class=\"elementor-element elementor-element-c5c6765 elementor-view-default elementor-widget elementor-widget-icon\" data-id=\"c5c6765\" data-element_type=\"widget\" data-e-type=\"widget\" data-widget_type=\"icon.default\">\n\t\t\t\t\t\t\t<div class=\"elementor-icon-wrapper\">\n\t\t\t<div class=\"elementor-icon\">\n\t\t\t<svg xmlns=\"http:\/\/www.w3.org\/2000\/svg\" id=\"bb37c445-febc-45cb-9384-969ea8d59215\" data-name=\"Livello 1\" viewBox=\"0 0 1000 1000\"><defs><style>.bf757730-94ab-400d-bbfc-5e484373f066{fill:#fff;}<\/style><\/defs><path class=\"bf757730-94ab-400d-bbfc-5e484373f066\" d=\"M553.76,495.77a102,102,0,0,0-1-16.93l-28.87,23.9L501,479.84l-24.89,22.9-26.88-22.9a88.8,88.8,0,0,0-3,21.9c0,36.84,29.87,48.78,54.76,48.78,19.91,0,52.76-9.95,52.76-54.75\"><\/path><path class=\"bf757730-94ab-400d-bbfc-5e484373f066\" d=\"M578.65,636.14C563.72,670,530.86,684.92,499,684.92c-34.84,0-75.66-20.9-75.66-54.75,0-9,5-14.94,13-14.94,10.95,0,30.86,14.94,50.77,40.82V572.43c-39.82,0-63.72-33.85-63.72-65.71,0-14.93,2-54.76,20.91-54.76,8,0,17.92,5,30.86,20.91L501,452l22.89,20.91c14.94-15.93,24.89-21.9,32.86-21.9,19.91,0,20.9,37.83,20.9,54.75,0,31.86-25.88,65.71-63.71,65.71v83.63c19.91-26.88,38.82-40.82,51.77-40.82,9.95,1,15.93,12.94,12.94,21.9m76.66-119.46h0C641.37,488.8,615.48,447,576.66,390.24c-35.84-50.77-60.73-98.56-74.67-144.35-14.93,46.79-39.82,95.57-75.66,144.35q-59.73,85.13-77.65,125.44v1a136.9,136.9,0,0,0-16.93,52.76,147.9,147.9,0,0,0-1,20.91c0,45.79,14.93,83.62,44.8,115.48a172.48,172.48,0,0,0,61.72,37.83q58.25,20.91,125.44,0c23.89-8,43.8-20.91,61.72-37.83,29.87-31.86,44.8-69.69,44.8-115.48V569.44a107,107,0,0,0-13.93-52.76\"><\/path><\/svg>\t\t\t<\/div>\n\t\t<\/div>\n\t\t\t\t\t\t<\/div>\n\t\t\t\t<div class=\"elementor-element elementor-element-ce630a2 elementor-widget elementor-widget-heading\" data-id=\"ce630a2\" data-element_type=\"widget\" data-e-type=\"widget\" data-widget_type=\"heading.default\">\n\t\t\t\t\t<h3 class=\"elementor-heading-title elementor-size-default\">Jardiner\u00eda  <\/h3>\t\t\t\t<\/div>\n\t\t\t\t<\/a>\n\t\t<a class=\"elementor-element elementor-element-051b0c3 aratio1 e-con-full e-flex elementor-invisible e-con e-child\" data-id=\"051b0c3\" data-element_type=\"container\" data-e-type=\"container\" data-settings=\"{&quot;background_background&quot;:&quot;classic&quot;,&quot;animation&quot;:&quot;fadeIn&quot;,&quot;animation_delay&quot;:750}\" href=\"https:\/\/plasticpuglia.com\/categoria\/condotte-flessibili\/\">\n\t\t\t\t<div class=\"elementor-element elementor-element-80d763f elementor-view-default elementor-widget elementor-widget-icon\" data-id=\"80d763f\" data-element_type=\"widget\" data-e-type=\"widget\" data-widget_type=\"icon.default\">\n\t\t\t\t\t\t\t<div class=\"elementor-icon-wrapper\">\n\t\t\t<div class=\"elementor-icon\">\n\t\t\t<svg xmlns=\"http:\/\/www.w3.org\/2000\/svg\" id=\"ebc8cde9-0ef7-4eed-8ab0-07a059390e72\" data-name=\"Livello 1\" viewBox=\"0 0 1000 1000\"><defs><style>.bf220063-a621-4eaa-8fc1-da6cbf43737e{fill:#fff;}<\/style><\/defs><path class=\"bf220063-a621-4eaa-8fc1-da6cbf43737e\" d=\"M804.58,403.58h0a17.92,17.92,0,0,1,18,18V578.39a18,18,0,0,1-36.07,0V421.61a17.92,17.92,0,0,1,18-18\"><\/path><path class=\"bf220063-a621-4eaa-8fc1-da6cbf43737e\" d=\"M195.46,403.58h0a17.91,17.91,0,0,1,18,18V578.39a18,18,0,0,1-36.06,0V421.61c-.66-10.42,7.62-18,18-18\"><\/path><path class=\"bf220063-a621-4eaa-8fc1-da6cbf43737e\" d=\"M767.77,427.71H232.17a7.71,7.71,0,0,0-7.61,7.61V565.07a7.7,7.7,0,0,0,7.61,7.6H767.11a7.69,7.69,0,0,0,7.61-7.6V435.32c.66-4.13-2.82-7.61-7-7.61\"><\/path><\/svg>\t\t\t<\/div>\n\t\t<\/div>\n\t\t\t\t\t\t<\/div>\n\t\t\t\t<div class=\"elementor-element elementor-element-f5bfc6e elementor-widget elementor-widget-heading\" data-id=\"f5bfc6e\" data-element_type=\"widget\" data-e-type=\"widget\" data-widget_type=\"heading.default\">\n\t\t\t\t\t<h3 class=\"elementor-heading-title elementor-size-default\">Tuber\u00edas flexibles<\/h3>\t\t\t\t<\/div>\n\t\t\t\t<\/a>\n\t\t<a class=\"elementor-element elementor-element-896da62 aratio1 e-con-full e-flex elementor-invisible e-con e-child\" data-id=\"896da62\" data-element_type=\"container\" data-e-type=\"container\" data-settings=\"{&quot;background_background&quot;:&quot;classic&quot;,&quot;animation&quot;:&quot;fadeIn&quot;,&quot;animation_delay&quot;:750}\" href=\"https:\/\/plasticpuglia.com\/categoria\/tubazioni\/\">\n\t\t\t\t<div class=\"elementor-element elementor-element-afa004c elementor-view-default elementor-widget elementor-widget-icon\" data-id=\"afa004c\" data-element_type=\"widget\" data-e-type=\"widget\" data-widget_type=\"icon.default\">\n\t\t\t\t\t\t\t<div class=\"elementor-icon-wrapper\">\n\t\t\t<div class=\"elementor-icon\">\n\t\t\t<svg xmlns=\"http:\/\/www.w3.org\/2000\/svg\" id=\"ebc8cde9-0ef7-4eed-8ab0-07a059390e72\" data-name=\"Livello 1\" viewBox=\"0 0 1000 1000\"><defs><style>.bf220063-a621-4eaa-8fc1-da6cbf43737e{fill:#fff;}<\/style><\/defs><path class=\"bf220063-a621-4eaa-8fc1-da6cbf43737e\" d=\"M804.58,403.58h0a17.92,17.92,0,0,1,18,18V578.39a18,18,0,0,1-36.07,0V421.61a17.92,17.92,0,0,1,18-18\"><\/path><path class=\"bf220063-a621-4eaa-8fc1-da6cbf43737e\" d=\"M195.46,403.58h0a17.91,17.91,0,0,1,18,18V578.39a18,18,0,0,1-36.06,0V421.61c-.66-10.42,7.62-18,18-18\"><\/path><path class=\"bf220063-a621-4eaa-8fc1-da6cbf43737e\" d=\"M767.77,427.71H232.17a7.71,7.71,0,0,0-7.61,7.61V565.07a7.7,7.7,0,0,0,7.61,7.6H767.11a7.69,7.69,0,0,0,7.61-7.6V435.32c.66-4.13-2.82-7.61-7-7.61\"><\/path><\/svg>\t\t\t<\/div>\n\t\t<\/div>\n\t\t\t\t\t\t<\/div>\n\t\t\t\t<div class=\"elementor-element elementor-element-d8300df elementor-widget elementor-widget-heading\" data-id=\"d8300df\" data-element_type=\"widget\" data-e-type=\"widget\" data-widget_type=\"heading.default\">\n\t\t\t\t\t<h3 class=\"elementor-heading-title elementor-size-default\">Tubos<\/h3>\t\t\t\t<\/div>\n\t\t\t\t<\/a>\n\t\t<a class=\"elementor-element elementor-element-0065497 aratio1 e-con-full e-flex elementor-invisible e-con e-child\" data-id=\"0065497\" data-element_type=\"container\" data-e-type=\"container\" data-settings=\"{&quot;background_background&quot;:&quot;classic&quot;,&quot;animation&quot;:&quot;fadeIn&quot;,&quot;animation_delay&quot;:750}\" href=\"https:\/\/plasticpuglia.com\/categoria\/filtrazione-e-fertirrigazione\/\">\n\t\t\t\t<div class=\"elementor-element elementor-element-261f505 elementor-view-default elementor-widget elementor-widget-icon\" data-id=\"261f505\" data-element_type=\"widget\" data-e-type=\"widget\" data-widget_type=\"icon.default\">\n\t\t\t\t\t\t\t<div class=\"elementor-icon-wrapper\">\n\t\t\t<div class=\"elementor-icon\">\n\t\t\t<svg xmlns=\"http:\/\/www.w3.org\/2000\/svg\" id=\"a90e54ff-e8c8-40f5-a16f-8ebfbcccf195\" data-name=\"Livello 1\" viewBox=\"0 0 1000 1000\"><defs><style>.e61a431f-1585-4fbf-818a-680c6ab3c07a{fill:#fff;}<\/style><\/defs><path class=\"e61a431f-1585-4fbf-818a-680c6ab3c07a\" d=\"M283.56,449.22l.47.15h1.85a7.26,7.26,0,0,0,4.57-1.24l37.35-20.76a8.56,8.56,0,0,0,4.19-5.19,7.72,7.72,0,0,0-.93-6.28,9.36,9.36,0,0,0-4.81-3.56,7.46,7.46,0,0,0-6.35.54L300.69,423.5A214,214,0,0,1,500,286.13c95.93,0,180.76,64.46,206.18,156.73l.07.16c1,3,4.11,6.28,7.83,6.28h1.71l.38-.08a8.49,8.49,0,0,0,5.66-4.57,7,7,0,0,0,0-5.82C694.12,339.2,602.93,269.54,500,269.54A229.59,229.59,0,0,0,365.3,313a227.25,227.25,0,0,0-81.43,106.84l-11.23-20.38a8.54,8.54,0,0,0-5.19-4.18,7.94,7.94,0,0,0-6.12.86,8.08,8.08,0,0,0-3.18,11.23l19.91,36.33c.38,2.41,2.48,4.5,5.5,5.51\"><\/path><path class=\"e61a431f-1585-4fbf-818a-680c6ab3c07a\" d=\"M741.92,592.09l-20.21-37a11.33,11.33,0,0,0-4.89-4.8l-.62-.31h-2.09a7.26,7.26,0,0,0-4.57,1.24l-37.35,20.76a8.54,8.54,0,0,0-4.18,5.19,8.26,8.26,0,0,0,12.09,9.3l19.21-10.62A214,214,0,0,1,500,713.18c-95.92,0-180.76-64.46-206.17-156.65a8.48,8.48,0,0,0-4.57-5.67,7,7,0,0,0-5.82,0,8.24,8.24,0,0,0-5.27,4.42,7,7,0,0,0,0,5.82C305.88,660.81,397.07,730.46,500,730.46A230.53,230.53,0,0,0,716.12,580.08l11.16,20.22c1.08,2.86,4,4.57,7.75,4.57a7.16,7.16,0,0,0,4.72-1.39c3.18-2.33,4.19-7.36,2.17-11.39\"><\/path><path class=\"e61a431f-1585-4fbf-818a-680c6ab3c07a\" d=\"M543.89,435.81C523,406.53,508.33,377.94,500,351.44c-8.37,27.89-23,55.78-43.93,84.37-23,33.47-38.35,57.87-45.33,73.22v.7c-5.58,9.75-9.06,19.52-9.76,30.68a68.31,68.31,0,0,0-.69,11.85c0,26.5,9.06,49.51,26.49,67.64A102,102,0,0,0,463,642.21q33.48,12.56,73.22,0a102,102,0,0,0,36.26-22.31C589.91,601.07,599,578.76,599,552.26V540.41c-1.39-11.16-4.18-21.62-9.06-30.68l-.69-.7c-7.68-15.35-22.32-39.75-45.33-73.22\"><\/path><\/svg>\t\t\t<\/div>\n\t\t<\/div>\n\t\t\t\t\t\t<\/div>\n\t\t\t\t<div class=\"elementor-element elementor-element-13df166 elementor-widget elementor-widget-heading\" data-id=\"13df166\" data-element_type=\"widget\" data-e-type=\"widget\" data-widget_type=\"heading.default\">\n\t\t\t\t\t<h3 class=\"elementor-heading-title elementor-size-default\">Filtraci\u00f3n y fertirrigaci\u00f3n<\/h3>\t\t\t\t<\/div>\n\t\t\t\t<\/a>\n\t\t<a class=\"elementor-element elementor-element-fb14f79 aratio1 e-con-full e-flex elementor-invisible e-con e-child\" data-id=\"fb14f79\" data-element_type=\"container\" data-e-type=\"container\" data-settings=\"{&quot;background_background&quot;:&quot;classic&quot;,&quot;animation&quot;:&quot;fadeIn&quot;,&quot;animation_delay&quot;:750}\" href=\"https:\/\/plasticpuglia.com\/categoria\/automazione\/\">\n\t\t\t\t<div class=\"elementor-element elementor-element-6122571 elementor-view-default elementor-widget elementor-widget-icon\" data-id=\"6122571\" data-element_type=\"widget\" data-e-type=\"widget\" data-widget_type=\"icon.default\">\n\t\t\t\t\t\t\t<div class=\"elementor-icon-wrapper\">\n\t\t\t<div class=\"elementor-icon\">\n\t\t\t<svg xmlns=\"http:\/\/www.w3.org\/2000\/svg\" id=\"b5b96c18-1dc7-4750-b4f3-084b85345796\" data-name=\"Livello 1\" viewBox=\"0 0 1000 1000\"><defs><style>.fb97c7d4-4560-486e-8e82-45d564dba9ee{fill:#fff;}<\/style><\/defs><path class=\"fb97c7d4-4560-486e-8e82-45d564dba9ee\" d=\"M480.3,465.3c-5.89,6.55-10.48,13.75-15.06,22.26-7.86,13.09-11.13,24.88-11.13,34.69a49.85,49.85,0,0,0,.65,9.82c1.31,3.94,3.27,6.56,5.89,7.21,3.28.66,5.9-.65,8.52-3.27s3.93-5.9,4.58-10.48l-.65-18.33c0-7.86,0-13.1.65-17a30.41,30.41,0,0,1,2.62-12.43c1.31-5.24,2.62-9.82,3.93-12.44M700.92,361.86H299V613.92h402ZM539.22,639.45h239q2.94,26.5-29.46,27.49H251.81c-21.6-.66-31.43-9.82-30.12-27.49H461.31l.65,2.62c2,3.27,4.59,4.58,6.56,4.58h61.53c2.62,0,4.59-1.31,7.21-4.58ZM505.83,348.11a3.58,3.58,0,0,0-2-3.27,3,3,0,0,0-3.27-2c-2,0-3.29.66-3.94,2-1.31.65-1.31,2-1.31,3.27a9.41,9.41,0,0,0,1.31,4.58c.65,1.31,2,2,3.94,2s3.27-.66,3.27-2c1.31-.65,2-2.62,2-4.58m219.31,1.31V627.66H532l-1.31,2c-1.31,3.27-3.27,4.58-5.23,4.58H474.41c-2,0-3.93-1.31-5.24-4.58v-2H275.38V349.42c0-4.58,1.31-9.16,4.58-11.78,2.62-3.27,5.89-4.58,10.47-4.58h419a15.79,15.79,0,0,1,11.78,4.58,18.25,18.25,0,0,1,3.92,11.78m-199,102.13c13.75,19.64,22.92,34.7,27.5,43.86a75.29,75.29,0,0,1,5.89,18.34V521c0,15.71-5.24,29.46-15.71,39.93A52,52,0,0,1,522.19,574c-15.7,4.58-30.77,4.58-43.86,0-8.51-3.27-15.72-7.21-21.61-13.1C446.25,549.75,441,536.66,441,521v-7.2a46.27,46.27,0,0,1,5.89-18.34c4.58-9.16,13.09-23.56,27.5-43.86,12.43-17,20.94-34,26.19-50.41,4.58,15.71,13.08,32.74,25.52,50.41\"><\/path><\/svg>\t\t\t<\/div>\n\t\t<\/div>\n\t\t\t\t\t\t<\/div>\n\t\t\t\t<div class=\"elementor-element elementor-element-79d8adc elementor-widget elementor-widget-heading\" data-id=\"79d8adc\" data-element_type=\"widget\" data-e-type=\"widget\" data-widget_type=\"heading.default\">\n\t\t\t\t\t<h3 class=\"elementor-heading-title elementor-size-default\">Automatizaci\u00f3n<\/h3>\t\t\t\t<\/div>\n\t\t\t\t<\/a>\n\t\t\t\t\t<\/div>\n\t\t\t\t<\/div>\n\t\t\t\t\t<\/div>\n\t\t\t\t<\/div>\n\t\t\t\t<\/div>\n\t\t\t\t<\/div>\n\t\t\t\t\t\t<\/div>\n\t\t\t\t<\/div>\n\t\t\t\t<\/div>\n\t\t\t\t<\/div>\n\t\t","protected":false},"excerpt":{"rendered":"","protected":false},"author":1,"featured_media":0,"parent":0,"menu_order":0,"comment_status":"closed","ping_status":"closed","template":"","meta":{"_acf_changed":false,"_eb_attr":"","footnotes":""},"class_list":["post-22490","page","type-page","status-publish","hentry"],"acf":[],"yoast_head":"<!-- This site is optimized with the Yoast SEO plugin v27.4 - https:\/\/yoast.com\/product\/yoast-seo-wordpress\/ -->\n<title>Productos - Plastic Puglia<\/title>\n<meta name=\"robots\" content=\"index, follow, max-snippet:-1, max-image-preview:large, max-video-preview:-1\" \/>\n<link rel=\"canonical\" href=\"https:\/\/plasticpuglia.com\/es\/prodotto\/\" \/>\n<meta property=\"og:locale\" content=\"es_ES\" \/>\n<meta property=\"og:type\" content=\"article\" \/>\n<meta property=\"og:title\" content=\"Productos - Plastic Puglia\" \/>\n<meta property=\"og:url\" content=\"https:\/\/plasticpuglia.com\/es\/prodotto\/\" \/>\n<meta property=\"og:site_name\" content=\"Plastic Puglia\" \/>\n<meta property=\"article:modified_time\" content=\"2025-04-15T07:32:32+00:00\" \/>\n<meta name=\"twitter:card\" content=\"summary_large_image\" \/>\n<script type=\"application\/ld+json\" class=\"yoast-schema-graph\">{\"@context\":\"https:\\\/\\\/schema.org\",\"@graph\":[{\"@type\":\"WebPage\",\"@id\":\"https:\\\/\\\/plasticpuglia.com\\\/es\\\/prodotto\\\/\",\"url\":\"https:\\\/\\\/plasticpuglia.com\\\/es\\\/prodotto\\\/\",\"name\":\"Productos - Plastic Puglia\",\"isPartOf\":{\"@id\":\"https:\\\/\\\/plasticpuglia.com\\\/es\\\/#website\"},\"datePublished\":\"2025-03-05T12:04:08+00:00\",\"dateModified\":\"2025-04-15T07:32:32+00:00\",\"breadcrumb\":{\"@id\":\"https:\\\/\\\/plasticpuglia.com\\\/es\\\/prodotto\\\/#breadcrumb\"},\"inLanguage\":\"es\",\"potentialAction\":[{\"@type\":\"ReadAction\",\"target\":[\"https:\\\/\\\/plasticpuglia.com\\\/es\\\/prodotto\\\/\"]}]},{\"@type\":\"BreadcrumbList\",\"@id\":\"https:\\\/\\\/plasticpuglia.com\\\/es\\\/prodotto\\\/#breadcrumb\",\"itemListElement\":[{\"@type\":\"ListItem\",\"position\":1,\"name\":\"Home\",\"item\":\"https:\\\/\\\/plasticpuglia.com\\\/es\\\/\"},{\"@type\":\"ListItem\",\"position\":2,\"name\":\"Productos\"}]},{\"@type\":\"WebSite\",\"@id\":\"https:\\\/\\\/plasticpuglia.com\\\/es\\\/#website\",\"url\":\"https:\\\/\\\/plasticpuglia.com\\\/es\\\/\",\"name\":\"Plastic Puglia\",\"description\":\"Sistemi completi per l&#039;irrigazione\",\"publisher\":{\"@id\":\"https:\\\/\\\/plasticpuglia.com\\\/es\\\/#organization\"},\"potentialAction\":[{\"@type\":\"SearchAction\",\"target\":{\"@type\":\"EntryPoint\",\"urlTemplate\":\"https:\\\/\\\/plasticpuglia.com\\\/es\\\/?s={search_term_string}\"},\"query-input\":{\"@type\":\"PropertyValueSpecification\",\"valueRequired\":true,\"valueName\":\"search_term_string\"}}],\"inLanguage\":\"es\"},{\"@type\":\"Organization\",\"@id\":\"https:\\\/\\\/plasticpuglia.com\\\/es\\\/#organization\",\"name\":\"Plastic Puglia\",\"url\":\"https:\\\/\\\/plasticpuglia.com\\\/es\\\/\",\"logo\":{\"@type\":\"ImageObject\",\"inLanguage\":\"es\",\"@id\":\"https:\\\/\\\/plasticpuglia.com\\\/es\\\/#\\\/schema\\\/logo\\\/image\\\/\",\"url\":\"https:\\\/\\\/plasticpuglia.com\\\/wp-content\\\/uploads\\\/2024\\\/02\\\/logo-pp-n-full.png\",\"contentUrl\":\"https:\\\/\\\/plasticpuglia.com\\\/wp-content\\\/uploads\\\/2024\\\/02\\\/logo-pp-n-full.png\",\"width\":757,\"height\":93,\"caption\":\"Plastic Puglia\"},\"image\":{\"@id\":\"https:\\\/\\\/plasticpuglia.com\\\/es\\\/#\\\/schema\\\/logo\\\/image\\\/\"}}]}<\/script>\n<!-- \/ Yoast SEO plugin. -->","yoast_head_json":{"title":"Productos - Plastic Puglia","robots":{"index":"index","follow":"follow","max-snippet":"max-snippet:-1","max-image-preview":"max-image-preview:large","max-video-preview":"max-video-preview:-1"},"canonical":"https:\/\/plasticpuglia.com\/es\/prodotto\/","og_locale":"es_ES","og_type":"article","og_title":"Productos - Plastic Puglia","og_url":"https:\/\/plasticpuglia.com\/es\/prodotto\/","og_site_name":"Plastic Puglia","article_modified_time":"2025-04-15T07:32:32+00:00","twitter_card":"summary_large_image","schema":{"@context":"https:\/\/schema.org","@graph":[{"@type":"WebPage","@id":"https:\/\/plasticpuglia.com\/es\/prodotto\/","url":"https:\/\/plasticpuglia.com\/es\/prodotto\/","name":"Productos - Plastic Puglia","isPartOf":{"@id":"https:\/\/plasticpuglia.com\/es\/#website"},"datePublished":"2025-03-05T12:04:08+00:00","dateModified":"2025-04-15T07:32:32+00:00","breadcrumb":{"@id":"https:\/\/plasticpuglia.com\/es\/prodotto\/#breadcrumb"},"inLanguage":"es","potentialAction":[{"@type":"ReadAction","target":["https:\/\/plasticpuglia.com\/es\/prodotto\/"]}]},{"@type":"BreadcrumbList","@id":"https:\/\/plasticpuglia.com\/es\/prodotto\/#breadcrumb","itemListElement":[{"@type":"ListItem","position":1,"name":"Home","item":"https:\/\/plasticpuglia.com\/es\/"},{"@type":"ListItem","position":2,"name":"Productos"}]},{"@type":"WebSite","@id":"https:\/\/plasticpuglia.com\/es\/#website","url":"https:\/\/plasticpuglia.com\/es\/","name":"Plastic Puglia","description":"Sistemi completi per l&#039;irrigazione","publisher":{"@id":"https:\/\/plasticpuglia.com\/es\/#organization"},"potentialAction":[{"@type":"SearchAction","target":{"@type":"EntryPoint","urlTemplate":"https:\/\/plasticpuglia.com\/es\/?s={search_term_string}"},"query-input":{"@type":"PropertyValueSpecification","valueRequired":true,"valueName":"search_term_string"}}],"inLanguage":"es"},{"@type":"Organization","@id":"https:\/\/plasticpuglia.com\/es\/#organization","name":"Plastic Puglia","url":"https:\/\/plasticpuglia.com\/es\/","logo":{"@type":"ImageObject","inLanguage":"es","@id":"https:\/\/plasticpuglia.com\/es\/#\/schema\/logo\/image\/","url":"https:\/\/plasticpuglia.com\/wp-content\/uploads\/2024\/02\/logo-pp-n-full.png","contentUrl":"https:\/\/plasticpuglia.com\/wp-content\/uploads\/2024\/02\/logo-pp-n-full.png","width":757,"height":93,"caption":"Plastic Puglia"},"image":{"@id":"https:\/\/plasticpuglia.com\/es\/#\/schema\/logo\/image\/"}}]}},"_links":{"self":[{"href":"https:\/\/plasticpuglia.com\/es\/wp-json\/wp\/v2\/pages\/22490","targetHints":{"allow":["GET"]}}],"collection":[{"href":"https:\/\/plasticpuglia.com\/es\/wp-json\/wp\/v2\/pages"}],"about":[{"href":"https:\/\/plasticpuglia.com\/es\/wp-json\/wp\/v2\/types\/page"}],"author":[{"embeddable":true,"href":"https:\/\/plasticpuglia.com\/es\/wp-json\/wp\/v2\/users\/1"}],"replies":[{"embeddable":true,"href":"https:\/\/plasticpuglia.com\/es\/wp-json\/wp\/v2\/comments?post=22490"}],"version-history":[{"count":1,"href":"https:\/\/plasticpuglia.com\/es\/wp-json\/wp\/v2\/pages\/22490\/revisions"}],"predecessor-version":[{"id":22494,"href":"https:\/\/plasticpuglia.com\/es\/wp-json\/wp\/v2\/pages\/22490\/revisions\/22494"}],"wp:attachment":[{"href":"https:\/\/plasticpuglia.com\/es\/wp-json\/wp\/v2\/media?parent=22490"}],"curies":[{"name":"wp","href":"https:\/\/api.w.org\/{rel}","templated":true}]}}