{"id":22257,"date":"2024-12-17T15:57:45","date_gmt":"2024-12-17T14:57:45","guid":{"rendered":"https:\/\/plasticpuglia.com\/green-philosophy\/"},"modified":"2025-03-03T15:22:26","modified_gmt":"2025-03-03T14:22:26","slug":"green-philosophy","status":"publish","type":"page","link":"https:\/\/plasticpuglia.com\/es\/green-philosophy\/","title":{"rendered":"Filosof\u00eda verde"},"content":{"rendered":"\t\t<div data-elementor-type=\"wp-page\" data-elementor-id=\"22257\" class=\"elementor elementor-22257 elementor-20502\" data-elementor-post-type=\"page\">\n\t\t\t\t<div class=\"elementor-element elementor-element-1fcf574 e-con-full hero e-flex e-con e-parent\" data-id=\"1fcf574\" data-element_type=\"container\" data-e-type=\"container\" data-settings=\"{&quot;background_background&quot;:&quot;classic&quot;}\">\n\t\t<div class=\"elementor-element elementor-element-a1d0748 e-con-full e-flex e-con e-child\" data-id=\"a1d0748\" data-element_type=\"container\" data-e-type=\"container\" data-settings=\"{&quot;background_background&quot;:&quot;classic&quot;}\">\n\t\t<div class=\"elementor-element elementor-element-e28502b gradient-azienda e-flex e-con-boxed e-con e-child\" data-id=\"e28502b\" data-element_type=\"container\" data-e-type=\"container\" data-settings=\"{&quot;background_background&quot;:&quot;gradient&quot;}\">\n\t\t\t\t\t<div class=\"e-con-inner\">\n\t\t\t\t\t<\/div>\n\t\t\t\t<\/div>\n\t\t<div class=\"elementor-element elementor-element-5e438a3 bg-image e-con-full e-flex e-con e-child\" data-id=\"5e438a3\" data-element_type=\"container\" data-e-type=\"container\" data-settings=\"{&quot;background_background&quot;:&quot;classic&quot;}\">\n\t\t\t\t<\/div>\n\t\t<div class=\"elementor-element elementor-element-7b86398 e-flex e-con-boxed e-con e-child\" data-id=\"7b86398\" data-element_type=\"container\" data-e-type=\"container\">\n\t\t\t\t\t<div class=\"e-con-inner\">\n\t\t\t\t\t<\/div>\n\t\t\t\t<\/div>\n\t\t<div class=\"elementor-element elementor-element-7a3e06b e-flex e-con-boxed e-con e-child\" data-id=\"7a3e06b\" data-element_type=\"container\" data-e-type=\"container\">\n\t\t\t\t\t<div class=\"e-con-inner\">\n\t\t\t\t<div class=\"elementor-element elementor-element-a86d8b5 elementor-widget elementor-widget-text-editor\" data-id=\"a86d8b5\" data-element_type=\"widget\" data-e-type=\"widget\" data-widget_type=\"text-editor.default\">\n\t\t\t\t\t\t\t\t\t<h1>Filosof\u00eda Verde<\/h1>\n\t\t\t\t\t\t\t\t<\/div>\n\t\t\t\t<div class=\"elementor-element elementor-element-4d867d3 elementor-widget elementor-widget-text-editor\" data-id=\"4d867d3\" data-element_type=\"widget\" data-e-type=\"widget\" data-widget_type=\"text-editor.default\">\n\t\t\t\t\t\t\t\t\t<p>Sostenibilidad, valores y pol\u00edtica empresarial<\/p>\n\t\t\t\t\t\t\t\t<\/div>\n\t\t\t\t\t<\/div>\n\t\t\t\t<\/div>\n\t\t<div class=\"elementor-element elementor-element-9f1904f e-flex e-con-boxed e-con e-child\" data-id=\"9f1904f\" data-element_type=\"container\" data-e-type=\"container\">\n\t\t\t\t\t<div class=\"e-con-inner\">\n\t\t\t\t<div class=\"elementor-element elementor-element-5b69411 elementor-widget elementor-widget-quilia-breadcrumbs\" data-id=\"5b69411\" data-element_type=\"widget\" data-e-type=\"widget\" data-widget_type=\"quilia-breadcrumbs.default\">\n\t\t\t\t<div class=\"elementor-widget-container\">\n\t\t\t\t\t<div class=\"quilia-breadcrumbs\"><a href=\"https:\/\/plasticpuglia.com\/es\/\" style=\"text-transform:uppercase\">Plastic-Puglia<\/a><\/div>\t\t\t\t<\/div>\n\t\t\t\t<\/div>\n\t\t\t\t\t<\/div>\n\t\t\t\t<\/div>\n\t\t\t\t<\/div>\n\t\t\t\t<\/div>\n\t\t<div class=\"elementor-element elementor-element-3293f74 azienda-bar e-flex e-con-boxed e-con e-parent\" data-id=\"3293f74\" data-element_type=\"container\" data-e-type=\"container\" data-settings=\"{&quot;background_background&quot;:&quot;classic&quot;}\">\n\t\t\t\t\t<div class=\"e-con-inner\">\n\t\t<div class=\"elementor-element elementor-element-d2c3085 e-flex e-con-boxed e-con e-child\" data-id=\"d2c3085\" data-element_type=\"container\" data-e-type=\"container\">\n\t\t\t\t\t<div class=\"e-con-inner\">\n\t\t<div class=\"elementor-element elementor-element-d0d1906 e-con-full e-flex e-con e-child\" data-id=\"d0d1906\" data-element_type=\"container\" data-e-type=\"container\">\n\t\t\t\t<div class=\"elementor-element elementor-element-892ed91 animated-slow elementor-invisible elementor-widget elementor-widget-heading\" data-id=\"892ed91\" data-element_type=\"widget\" data-e-type=\"widget\" data-settings=\"{&quot;_animation&quot;:&quot;fadeIn&quot;,&quot;_animation_delay&quot;:300}\" data-widget_type=\"heading.default\">\n\t\t\t\t\t<h2 class=\"elementor-heading-title elementor-size-default\">Nuestro compromiso con el medio ambiente<\/h2>\t\t\t\t<\/div>\n\t\t\t\t<div class=\"elementor-element elementor-element-f1dacb5 elementor-widget elementor-widget-text-editor\" data-id=\"f1dacb5\" data-element_type=\"widget\" data-e-type=\"widget\" data-settings=\"{&quot;_animation_mobile&quot;:&quot;fadeIn&quot;}\" data-widget_type=\"text-editor.default\">\n\t\t\t\t\t\t\t\t\t<p><strong>Para nosotros, la sostenibilidad no es solo una palabra.<\/strong> Para nosotros en Plastic-Puglia, la sostenibilidad no es solo una palabra. Es el pilar fundamental sobre el cual construimos cada decisi\u00f3n, con el objetivo de integrar el valor econ\u00f3mico, la responsabilidad social y el respeto por el medio ambiente en un equilibrio virtuoso y duradero. La sostenibilidad es una estrategia que involucra todo el ciclo de vida de nuestros productos, desde el dise\u00f1o hasta la producci\u00f3n, desde la distribuci\u00f3n hasta la recuperaci\u00f3n y eliminaci\u00f3n. <\/p>\n<p>Gracias a nuestros productos de riego de precisi\u00f3n, contribuimos a revolucionar la forma de cultivar, ofreciendo soluciones que combinan eficiencia, rentabilidad y un uso consciente de los recursos naturales. Este enfoque reduce dr\u00e1sticamente el desperdicio de agua y energ\u00eda, al mismo tiempo que garantiza mayores rendimientos agr\u00edcolas, beneficiando tanto al medio ambiente como a las comunidades agr\u00edcolas. <\/p>\n\t\t\t\t\t\t\t\t<\/div>\n\t\t\t\t<\/div>\n\t\t<div class=\"elementor-element elementor-element-b1d8999 e-con-full e-flex e-con e-child\" data-id=\"b1d8999\" data-element_type=\"container\" data-e-type=\"container\" data-settings=\"{&quot;background_background&quot;:&quot;classic&quot;,&quot;animation_mobile&quot;:&quot;zoomIn&quot;}\">\n\t\t\t\t<div class=\"elementor-element elementor-element-f144c36 elementor-widget-mobile__width-inherit elementor-invisible elementor-widget elementor-widget-image\" data-id=\"f144c36\" data-element_type=\"widget\" data-e-type=\"widget\" data-settings=\"{&quot;_animation&quot;:&quot;zoomIn&quot;,&quot;_animation_laptop&quot;:&quot;zoomIn&quot;}\" data-widget_type=\"image.default\">\n\t\t\t\t\t\t\t\t\t\t\t\t\t\t\t<img fetchpriority=\"high\" decoding=\"async\" width=\"1463\" height=\"1054\" src=\"https:\/\/plasticpuglia.com\/wp-content\/uploads\/2025\/01\/green-philosophy-.jpg\" class=\"attachment-full size-full wp-image-21069\" alt=\"\" srcset=\"https:\/\/plasticpuglia.com\/wp-content\/uploads\/2025\/01\/green-philosophy-.jpg 1463w, https:\/\/plasticpuglia.com\/wp-content\/uploads\/2025\/01\/green-philosophy--300x216.jpg 300w, https:\/\/plasticpuglia.com\/wp-content\/uploads\/2025\/01\/green-philosophy--1024x738.jpg 1024w, https:\/\/plasticpuglia.com\/wp-content\/uploads\/2025\/01\/green-philosophy--768x553.jpg 768w\" sizes=\"(max-width: 1463px) 100vw, 1463px\" \/>\t\t\t\t\t\t\t\t\t\t\t\t\t\t\t<\/div>\n\t\t\t\t<\/div>\n\t\t\t\t\t<\/div>\n\t\t\t\t<\/div>\n\t\t\t\t\t<\/div>\n\t\t\t\t<\/div>\n\t\t<div class=\"elementor-element elementor-element-4db11ef azienda-bar e-flex e-con-boxed elementor-invisible e-con e-parent\" data-id=\"4db11ef\" data-element_type=\"container\" data-e-type=\"container\" data-settings=\"{&quot;background_background&quot;:&quot;classic&quot;,&quot;animation&quot;:&quot;fadeInUp&quot;}\">\n\t\t\t\t\t<div class=\"e-con-inner\">\n\t\t<div class=\"elementor-element elementor-element-5337788 e-con-full e-flex e-con e-child\" data-id=\"5337788\" data-element_type=\"container\" data-e-type=\"container\">\n\t\t\t\t<div class=\"elementor-element elementor-element-336b205 elementor-widget elementor-widget-text-editor\" data-id=\"336b205\" data-element_type=\"widget\" data-e-type=\"widget\" data-settings=\"{&quot;_animation_mobile&quot;:&quot;fadeIn&quot;}\" data-widget_type=\"text-editor.default\">\n\t\t\t\t\t\t\t\t\t<p><strong>Nuestra filosof\u00eda corporativa va m\u00e1s all\u00e1 del cumplimiento.<\/strong> Hemos adoptado un Sistema de Gesti\u00f3n Ambiental conforme a la norma ISO 14001, que nos permite monitorear y reducir constantemente el impacto de nuestras actividades productivas en el medio ambiente. Paralelamente, cumplimos rigurosamente con las normativas de salud y seguridad en el trabajo en l\u00ednea con la certificaci\u00f3n ISO 45001, porque para nosotros el bienestar de las personas es parte integral de la sostenibilidad. <\/p>\n<p>Invertimos continuamente en investigaci\u00f3n y desarrollo para crear tecnolog\u00edas de vanguardia capaces de reducir el uso de recursos no renovables. Utilizamos procesos productivos de alta eficiencia energ\u00e9tica y promovemos la recuperaci\u00f3n responsable de las instalaciones y materiales al final de su vida \u00fatil, fomentando la econom\u00eda circular. <\/p>\n<p>Estamos convencidos de que <strong>la sostenibilidad, la innovaci\u00f3n tecnol\u00f3gica y el \u00e9xito econ\u00f3mico no solo pueden coexistir,<\/strong> sino que son interdependientes. Solo a trav\u00e9s de este enfoque integrado podemos responder a los desaf\u00edos globales, como el cambio clim\u00e1tico y la creciente demanda de recursos, contribuyendo al bienestar de las generaciones futuras.<\/p>\n<p>Plastic-Puglia se compromete a diario a desarrollar proyectos orientados a la sostenibilidad medioambiental y a promover una distribuci\u00f3n equitativa de los recursos, con la convicci\u00f3n de que cada gota de agua que se ahorra hoy es una inversi\u00f3n para ma\u00f1ana.<\/p>\n\t\t\t\t\t\t\t\t<\/div>\n\t\t\t\t<\/div>\n\t\t\t\t\t<\/div>\n\t\t\t\t<\/div>\n\t\t<div class=\"elementor-element elementor-element-fbeb092 e-flex e-con-boxed e-con e-parent\" data-id=\"fbeb092\" data-element_type=\"container\" data-e-type=\"container\" data-settings=\"{&quot;background_background&quot;:&quot;classic&quot;}\">\n\t\t\t\t\t<div class=\"e-con-inner\">\n\t\t<div class=\"elementor-element elementor-element-43a1dc2 ignore-toc e-con-full e-flex e-con e-child\" data-id=\"43a1dc2\" data-element_type=\"container\" data-e-type=\"container\">\n\t\t<div class=\"elementor-element elementor-element-8bb12c6 e-con-full e-flex e-con e-child\" data-id=\"8bb12c6\" data-element_type=\"container\" data-e-type=\"container\" data-settings=\"{&quot;background_background&quot;:&quot;classic&quot;,&quot;animation_mobile&quot;:&quot;fadeInDown&quot;}\">\n\t\t\t\t<div class=\"elementor-element elementor-element-4c7ba50 elementor-widget elementor-widget-heading\" data-id=\"4c7ba50\" data-element_type=\"widget\" data-e-type=\"widget\" data-widget_type=\"heading.default\">\n\t\t\t\t\t<h3 class=\"elementor-heading-title elementor-size-default\">\u00bfQuieres trabajar en Plastic-Puglia?<\/h3>\t\t\t\t<\/div>\n\t\t\t\t<div class=\"elementor-element elementor-element-e8acac5 elementor-align-center elementor-invisible elementor-widget elementor-widget-button\" data-id=\"e8acac5\" data-element_type=\"widget\" data-e-type=\"widget\" data-settings=\"{&quot;_animation&quot;:&quot;fadeIn&quot;,&quot;_animation_delay&quot;:600}\" data-widget_type=\"button.default\">\n\t\t\t\t\t\t\t\t\t\t<a class=\"elementor-button elementor-size-sm\" role=\"button\">\n\t\t\t\t\t\t<span class=\"elementor-button-content-wrapper\">\n\t\t\t\t\t\t<span class=\"elementor-button-icon\">\n\t\t\t\t<svg aria-hidden=\"true\" class=\"e-font-icon-svg e-fab-telegram-plane\" viewBox=\"0 0 448 512\" xmlns=\"http:\/\/www.w3.org\/2000\/svg\"><path d=\"M446.7 98.6l-67.6 318.8c-5.1 22.5-18.4 28.1-37.3 17.5l-103-75.9-49.7 47.8c-5.5 5.5-10.1 10.1-20.7 10.1l7.4-104.9 190.9-172.5c8.3-7.4-1.8-11.5-12.9-4.1L117.8 284 16.2 252.2c-22.1-6.9-22.5-22.1 4.6-32.7L418.2 66.4c18.4-6.9 34.5 4.1 28.5 32.2z\"><\/path><\/svg>\t\t\t<\/span>\n\t\t\t\t\t\t\t\t\t<span class=\"elementor-button-text\">Env\u00eda una solicitud<\/span>\n\t\t\t\t\t<\/span>\n\t\t\t\t\t<\/a>\n\t\t\t\t\t\t\t\t<\/div>\n\t\t\t\t<\/div>\n\t\t\t\t<\/div>\n\t\t\t\t\t<\/div>\n\t\t\t\t<\/div>\n\t\t\t\t<\/div>\n\t\t","protected":false},"excerpt":{"rendered":"<p>Filosof\u00eda Verde Sostenibilidad, valores y pol\u00edtica empresarial Plastic Puglia Nuestro compromiso con el medio ambiente Para nosotros, la sostenibilidad no es solo una palabra. Para nosotros en Plastic-Puglia, la sostenibilidad no es solo una palabra. Es el pilar fundamental sobre el cual construimos cada decisi\u00f3n, con el objetivo de integrar el valor econ\u00f3mico, la responsabilidad [&hellip;]<\/p>\n","protected":false},"author":1,"featured_media":0,"parent":0,"menu_order":0,"comment_status":"closed","ping_status":"closed","template":"","meta":{"_acf_changed":false,"_eb_attr":"","footnotes":""},"class_list":["post-22257","page","type-page","status-publish","hentry"],"acf":[],"yoast_head":"<!-- This site is optimized with the Yoast SEO plugin v27.2 - https:\/\/yoast.com\/product\/yoast-seo-wordpress\/ -->\n<title>Filosof\u00eda verde - Plastic Puglia<\/title>\n<meta name=\"robots\" content=\"index, follow, max-snippet:-1, max-image-preview:large, max-video-preview:-1\" \/>\n<link rel=\"canonical\" href=\"https:\/\/plasticpuglia.com\/es\/green-philosophy\/\" \/>\n<meta property=\"og:locale\" content=\"es_ES\" \/>\n<meta property=\"og:type\" content=\"article\" \/>\n<meta property=\"og:title\" content=\"Filosof\u00eda verde - Plastic Puglia\" \/>\n<meta property=\"og:description\" content=\"Filosof\u00eda Verde Sostenibilidad, valores y pol\u00edtica empresarial Plastic Puglia Nuestro compromiso con el medio ambiente Para nosotros, la sostenibilidad no es solo una palabra. Para nosotros en Plastic-Puglia, la sostenibilidad no es solo una palabra. Es el pilar fundamental sobre el cual construimos cada decisi\u00f3n, con el objetivo de integrar el valor econ\u00f3mico, la responsabilidad [&hellip;]\" \/>\n<meta property=\"og:url\" content=\"https:\/\/plasticpuglia.com\/es\/green-philosophy\/\" \/>\n<meta property=\"og:site_name\" content=\"Plastic Puglia\" \/>\n<meta property=\"article:modified_time\" content=\"2025-03-03T14:22:26+00:00\" \/>\n<meta property=\"og:image\" content=\"https:\/\/plasticpuglia.com\/wp-content\/uploads\/2025\/01\/green-philosophy-.jpg\" \/>\n<meta name=\"twitter:card\" content=\"summary_large_image\" \/>\n<meta name=\"twitter:label1\" content=\"Tiempo de lectura\" \/>\n\t<meta name=\"twitter:data1\" content=\"2 minutos\" \/>\n<script type=\"application\/ld+json\" class=\"yoast-schema-graph\">{\"@context\":\"https:\/\/schema.org\",\"@graph\":[{\"@type\":\"WebPage\",\"@id\":\"https:\/\/plasticpuglia.com\/es\/green-philosophy\/\",\"url\":\"https:\/\/plasticpuglia.com\/es\/green-philosophy\/\",\"name\":\"Filosof\u00eda verde - Plastic Puglia\",\"isPartOf\":{\"@id\":\"https:\/\/plasticpuglia.com\/es\/#website\"},\"primaryImageOfPage\":{\"@id\":\"https:\/\/plasticpuglia.com\/es\/green-philosophy\/#primaryimage\"},\"image\":{\"@id\":\"https:\/\/plasticpuglia.com\/es\/green-philosophy\/#primaryimage\"},\"thumbnailUrl\":\"https:\/\/plasticpuglia.com\/wp-content\/uploads\/2025\/01\/green-philosophy-.jpg\",\"datePublished\":\"2024-12-17T14:57:45+00:00\",\"dateModified\":\"2025-03-03T14:22:26+00:00\",\"breadcrumb\":{\"@id\":\"https:\/\/plasticpuglia.com\/es\/green-philosophy\/#breadcrumb\"},\"inLanguage\":\"es\",\"potentialAction\":[{\"@type\":\"ReadAction\",\"target\":[\"https:\/\/plasticpuglia.com\/es\/green-philosophy\/\"]}]},{\"@type\":\"ImageObject\",\"inLanguage\":\"es\",\"@id\":\"https:\/\/plasticpuglia.com\/es\/green-philosophy\/#primaryimage\",\"url\":\"https:\/\/plasticpuglia.com\/wp-content\/uploads\/2025\/01\/green-philosophy-.jpg\",\"contentUrl\":\"https:\/\/plasticpuglia.com\/wp-content\/uploads\/2025\/01\/green-philosophy-.jpg\"},{\"@type\":\"BreadcrumbList\",\"@id\":\"https:\/\/plasticpuglia.com\/es\/green-philosophy\/#breadcrumb\",\"itemListElement\":[{\"@type\":\"ListItem\",\"position\":1,\"name\":\"Home\",\"item\":\"http:\/\/plasticpuglia.com\/es\/\"},{\"@type\":\"ListItem\",\"position\":2,\"name\":\"Filosof\u00eda verde\"}]},{\"@type\":\"WebSite\",\"@id\":\"https:\/\/plasticpuglia.com\/es\/#website\",\"url\":\"https:\/\/plasticpuglia.com\/es\/\",\"name\":\"Plastic Puglia\",\"description\":\"Sistemi completi per l&#039;irrigazione\",\"publisher\":{\"@id\":\"https:\/\/plasticpuglia.com\/es\/#organization\"},\"potentialAction\":[{\"@type\":\"SearchAction\",\"target\":{\"@type\":\"EntryPoint\",\"urlTemplate\":\"https:\/\/plasticpuglia.com\/es\/?s={search_term_string}\"},\"query-input\":{\"@type\":\"PropertyValueSpecification\",\"valueRequired\":true,\"valueName\":\"search_term_string\"}}],\"inLanguage\":\"es\"},{\"@type\":\"Organization\",\"@id\":\"https:\/\/plasticpuglia.com\/es\/#organization\",\"name\":\"Plastic Puglia\",\"url\":\"https:\/\/plasticpuglia.com\/es\/\",\"logo\":{\"@type\":\"ImageObject\",\"inLanguage\":\"es\",\"@id\":\"https:\/\/plasticpuglia.com\/es\/#\/schema\/logo\/image\/\",\"url\":\"https:\/\/plasticpuglia.com\/wp-content\/uploads\/2024\/02\/logo-pp-n-full.png\",\"contentUrl\":\"https:\/\/plasticpuglia.com\/wp-content\/uploads\/2024\/02\/logo-pp-n-full.png\",\"width\":757,\"height\":93,\"caption\":\"Plastic Puglia\"},\"image\":{\"@id\":\"https:\/\/plasticpuglia.com\/es\/#\/schema\/logo\/image\/\"}}]}<\/script>\n<!-- \/ Yoast SEO plugin. -->","yoast_head_json":{"title":"Filosof\u00eda verde - Plastic Puglia","robots":{"index":"index","follow":"follow","max-snippet":"max-snippet:-1","max-image-preview":"max-image-preview:large","max-video-preview":"max-video-preview:-1"},"canonical":"https:\/\/plasticpuglia.com\/es\/green-philosophy\/","og_locale":"es_ES","og_type":"article","og_title":"Filosof\u00eda verde - Plastic Puglia","og_description":"Filosof\u00eda Verde Sostenibilidad, valores y pol\u00edtica empresarial Plastic Puglia Nuestro compromiso con el medio ambiente Para nosotros, la sostenibilidad no es solo una palabra. Para nosotros en Plastic-Puglia, la sostenibilidad no es solo una palabra. Es el pilar fundamental sobre el cual construimos cada decisi\u00f3n, con el objetivo de integrar el valor econ\u00f3mico, la responsabilidad [&hellip;]","og_url":"https:\/\/plasticpuglia.com\/es\/green-philosophy\/","og_site_name":"Plastic Puglia","article_modified_time":"2025-03-03T14:22:26+00:00","og_image":[{"url":"https:\/\/plasticpuglia.com\/wp-content\/uploads\/2025\/01\/green-philosophy-.jpg","type":"","width":"","height":""}],"twitter_card":"summary_large_image","twitter_misc":{"Tiempo de lectura":"2 minutos"},"schema":{"@context":"https:\/\/schema.org","@graph":[{"@type":"WebPage","@id":"https:\/\/plasticpuglia.com\/es\/green-philosophy\/","url":"https:\/\/plasticpuglia.com\/es\/green-philosophy\/","name":"Filosof\u00eda verde - Plastic Puglia","isPartOf":{"@id":"https:\/\/plasticpuglia.com\/es\/#website"},"primaryImageOfPage":{"@id":"https:\/\/plasticpuglia.com\/es\/green-philosophy\/#primaryimage"},"image":{"@id":"https:\/\/plasticpuglia.com\/es\/green-philosophy\/#primaryimage"},"thumbnailUrl":"https:\/\/plasticpuglia.com\/wp-content\/uploads\/2025\/01\/green-philosophy-.jpg","datePublished":"2024-12-17T14:57:45+00:00","dateModified":"2025-03-03T14:22:26+00:00","breadcrumb":{"@id":"https:\/\/plasticpuglia.com\/es\/green-philosophy\/#breadcrumb"},"inLanguage":"es","potentialAction":[{"@type":"ReadAction","target":["https:\/\/plasticpuglia.com\/es\/green-philosophy\/"]}]},{"@type":"ImageObject","inLanguage":"es","@id":"https:\/\/plasticpuglia.com\/es\/green-philosophy\/#primaryimage","url":"https:\/\/plasticpuglia.com\/wp-content\/uploads\/2025\/01\/green-philosophy-.jpg","contentUrl":"https:\/\/plasticpuglia.com\/wp-content\/uploads\/2025\/01\/green-philosophy-.jpg"},{"@type":"BreadcrumbList","@id":"https:\/\/plasticpuglia.com\/es\/green-philosophy\/#breadcrumb","itemListElement":[{"@type":"ListItem","position":1,"name":"Home","item":"http:\/\/plasticpuglia.com\/es\/"},{"@type":"ListItem","position":2,"name":"Filosof\u00eda verde"}]},{"@type":"WebSite","@id":"https:\/\/plasticpuglia.com\/es\/#website","url":"https:\/\/plasticpuglia.com\/es\/","name":"Plastic Puglia","description":"Sistemi completi per l&#039;irrigazione","publisher":{"@id":"https:\/\/plasticpuglia.com\/es\/#organization"},"potentialAction":[{"@type":"SearchAction","target":{"@type":"EntryPoint","urlTemplate":"https:\/\/plasticpuglia.com\/es\/?s={search_term_string}"},"query-input":{"@type":"PropertyValueSpecification","valueRequired":true,"valueName":"search_term_string"}}],"inLanguage":"es"},{"@type":"Organization","@id":"https:\/\/plasticpuglia.com\/es\/#organization","name":"Plastic Puglia","url":"https:\/\/plasticpuglia.com\/es\/","logo":{"@type":"ImageObject","inLanguage":"es","@id":"https:\/\/plasticpuglia.com\/es\/#\/schema\/logo\/image\/","url":"https:\/\/plasticpuglia.com\/wp-content\/uploads\/2024\/02\/logo-pp-n-full.png","contentUrl":"https:\/\/plasticpuglia.com\/wp-content\/uploads\/2024\/02\/logo-pp-n-full.png","width":757,"height":93,"caption":"Plastic Puglia"},"image":{"@id":"https:\/\/plasticpuglia.com\/es\/#\/schema\/logo\/image\/"}}]}},"_links":{"self":[{"href":"https:\/\/plasticpuglia.com\/es\/wp-json\/wp\/v2\/pages\/22257","targetHints":{"allow":["GET"]}}],"collection":[{"href":"https:\/\/plasticpuglia.com\/es\/wp-json\/wp\/v2\/pages"}],"about":[{"href":"https:\/\/plasticpuglia.com\/es\/wp-json\/wp\/v2\/types\/page"}],"author":[{"embeddable":true,"href":"https:\/\/plasticpuglia.com\/es\/wp-json\/wp\/v2\/users\/1"}],"replies":[{"embeddable":true,"href":"https:\/\/plasticpuglia.com\/es\/wp-json\/wp\/v2\/comments?post=22257"}],"version-history":[{"count":1,"href":"https:\/\/plasticpuglia.com\/es\/wp-json\/wp\/v2\/pages\/22257\/revisions"}],"predecessor-version":[{"id":22258,"href":"https:\/\/plasticpuglia.com\/es\/wp-json\/wp\/v2\/pages\/22257\/revisions\/22258"}],"wp:attachment":[{"href":"https:\/\/plasticpuglia.com\/es\/wp-json\/wp\/v2\/media?parent=22257"}],"curies":[{"name":"wp","href":"https:\/\/api.w.org\/{rel}","templated":true}]}}