{"id":22367,"date":"2024-06-09T17:20:59","date_gmt":"2024-06-09T15:20:59","guid":{"rendered":"https:\/\/plasticpuglia.com\/espace-prive\/"},"modified":"2025-03-05T11:41:23","modified_gmt":"2025-03-05T10:41:23","slug":"espace-prive","status":"publish","type":"page","link":"http:\/\/plasticpuglia.com\/fr\/espace-prive\/","title":{"rendered":"Espace priv\u00e9"},"content":{"rendered":"\t\t<div data-elementor-type=\"wp-page\" data-elementor-id=\"22367\" class=\"elementor elementor-22367 elementor-5983\" data-elementor-post-type=\"page\">\n\t\t\t\t<div class=\"elementor-element elementor-element-8207a9c e-con-full e-flex e-con e-parent\" data-id=\"8207a9c\" data-element_type=\"container\" data-e-type=\"container\" data-settings=\"{&quot;background_background&quot;:&quot;classic&quot;}\">\n\t\t<div class=\"elementor-element elementor-element-599a9a7 e-con-full e-flex e-con e-child\" data-id=\"599a9a7\" data-element_type=\"container\" data-e-type=\"container\" data-settings=\"{&quot;background_background&quot;:&quot;classic&quot;}\">\n\t\t<div class=\"elementor-element elementor-element-29facde gradient-archive e-flex e-con-boxed e-con e-child\" data-id=\"29facde\" data-element_type=\"container\" data-e-type=\"container\">\n\t\t\t\t\t<div class=\"e-con-inner\">\n\t\t\t\t\t<\/div>\n\t\t\t\t<\/div>\n\t\t<div class=\"elementor-element elementor-element-9a29c3d bg-image e-con-full e-flex e-con e-child\" data-id=\"9a29c3d\" data-element_type=\"container\" data-e-type=\"container\" data-settings=\"{&quot;background_background&quot;:&quot;classic&quot;}\">\n\t\t\t\t<\/div>\n\t\t<div class=\"elementor-element elementor-element-6692afa e-flex e-con-boxed e-con e-child\" data-id=\"6692afa\" data-element_type=\"container\" data-e-type=\"container\">\n\t\t\t\t\t<div class=\"e-con-inner\">\n\t\t\t\t<div class=\"elementor-element elementor-element-49479d6 elementor-widget elementor-widget-quilia-breadcrumbs\" data-id=\"49479d6\" data-element_type=\"widget\" data-e-type=\"widget\" data-widget_type=\"quilia-breadcrumbs.default\">\n\t\t\t\t<div class=\"elementor-widget-container\">\n\t\t\t\t\t<div class=\"quilia-breadcrumbs\"><a href=\"http:\/\/plasticpuglia.com\/fr\/\" style=\"text-transform:uppercase\">Plastic-Puglia<\/a><\/div>\t\t\t\t<\/div>\n\t\t\t\t<\/div>\n\t\t\t\t<div class=\"elementor-element elementor-element-d099eff elementor-widget elementor-widget-text-editor\" data-id=\"d099eff\" data-element_type=\"widget\" data-e-type=\"widget\" data-widget_type=\"text-editor.default\">\n\t\t\t\t\t\t\t\t\t<p>Bienvenue dans votre espace r\u00e9serv\u00e9<\/p>\n\t\t\t\t\t\t\t\t<\/div>\n\t\t\t\t\t<\/div>\n\t\t\t\t<\/div>\n\t\t\t\t<\/div>\n\t\t\t\t<\/div>\n\t\t<div class=\"elementor-element elementor-element-52620f8 e-flex e-con-boxed e-con e-parent\" data-id=\"52620f8\" data-element_type=\"container\" data-e-type=\"container\" data-settings=\"{&quot;background_background&quot;:&quot;classic&quot;}\">\n\t\t\t\t\t<div class=\"e-con-inner\">\n\t\t<div class=\"elementor-element elementor-element-2bcc702 e-con-full right-cont e-flex e-con e-child\" data-id=\"2bcc702\" data-element_type=\"container\" data-e-type=\"container\">\n\t\t<div class=\"elementor-element elementor-element-917b487 e-flex e-con-boxed e-con e-child\" data-id=\"917b487\" data-element_type=\"container\" data-e-type=\"container\">\n\t\t\t\t\t<div class=\"e-con-inner\">\n\t\t\t\t<div class=\"elementor-element elementor-element-7117edf animated-slow elementor-widget__width-initial elementor-invisible elementor-widget elementor-widget-heading\" data-id=\"7117edf\" data-element_type=\"widget\" data-e-type=\"widget\" data-settings=\"{&quot;_animation&quot;:&quot;fadeIn&quot;,&quot;_animation_delay&quot;:300}\" data-widget_type=\"heading.default\">\n\t\t\t\t\t<h2 class=\"elementor-heading-title elementor-size-default\">Tous les documents t\u00e9l\u00e9chargeables<\/h2>\t\t\t\t<\/div>\n\t\t\t\t<div class=\"elementor-element elementor-element-510417d elementor-widget elementor-widget-shortcode\" data-id=\"510417d\" data-element_type=\"widget\" data-e-type=\"widget\" data-widget_type=\"shortcode.default\">\n\t\t\t\t\t\t\t<div class=\"elementor-shortcode\">    <div class=\"solutions-container private\">\r\n        <div class=\"download-grid\">\r\n                <\/div>\r\n    <\/div>\r\n    <\/div>\n\t\t\t\t\t\t<\/div>\n\t\t\t\t\t<\/div>\n\t\t\t\t<\/div>\n\t\t\t\t<\/div>\n\t\t\t\t\t<\/div>\n\t\t\t\t<\/div>\n\t\t\t\t<\/div>\n\t\t","protected":false},"excerpt":{"rendered":"<p>Plastic Puglia Bienvenue dans votre espace r\u00e9serv\u00e9 Tous les documents t\u00e9l\u00e9chargeables<\/p>\n","protected":false},"author":1,"featured_media":0,"parent":0,"menu_order":0,"comment_status":"closed","ping_status":"closed","template":"","meta":{"_acf_changed":false,"_eb_attr":"","footnotes":""},"class_list":["post-22367","page","type-page","status-publish","hentry"],"acf":[],"yoast_head":"<!-- This site is optimized with the Yoast SEO plugin v27.4 - https:\/\/yoast.com\/product\/yoast-seo-wordpress\/ -->\n<title>Espace priv\u00e9 - Plastic Puglia<\/title>\n<meta name=\"robots\" content=\"index, follow, max-snippet:-1, max-image-preview:large, max-video-preview:-1\" \/>\n<link rel=\"canonical\" href=\"http:\/\/plasticpuglia.com\/fr\/espace-prive\/\" \/>\n<meta property=\"og:locale\" content=\"fr_FR\" \/>\n<meta property=\"og:type\" content=\"article\" \/>\n<meta property=\"og:title\" content=\"Espace priv\u00e9 - Plastic Puglia\" \/>\n<meta property=\"og:description\" content=\"Plastic Puglia Bienvenue dans votre espace r\u00e9serv\u00e9 Tous les documents t\u00e9l\u00e9chargeables\" \/>\n<meta property=\"og:url\" content=\"http:\/\/plasticpuglia.com\/fr\/espace-prive\/\" \/>\n<meta property=\"og:site_name\" content=\"Plastic Puglia\" \/>\n<meta property=\"article:modified_time\" content=\"2025-03-05T10:41:23+00:00\" \/>\n<meta name=\"twitter:card\" content=\"summary_large_image\" \/>\n<script type=\"application\/ld+json\" class=\"yoast-schema-graph\">{\"@context\":\"https:\\\/\\\/schema.org\",\"@graph\":[{\"@type\":\"WebPage\",\"@id\":\"http:\\\/\\\/plasticpuglia.com\\\/fr\\\/espace-prive\\\/\",\"url\":\"http:\\\/\\\/plasticpuglia.com\\\/fr\\\/espace-prive\\\/\",\"name\":\"Espace priv\u00e9 - Plastic Puglia\",\"isPartOf\":{\"@id\":\"https:\\\/\\\/plasticpuglia.com\\\/fr\\\/#website\"},\"datePublished\":\"2024-06-09T15:20:59+00:00\",\"dateModified\":\"2025-03-05T10:41:23+00:00\",\"breadcrumb\":{\"@id\":\"http:\\\/\\\/plasticpuglia.com\\\/fr\\\/espace-prive\\\/#breadcrumb\"},\"inLanguage\":\"fr-FR\",\"potentialAction\":[{\"@type\":\"ReadAction\",\"target\":[\"http:\\\/\\\/plasticpuglia.com\\\/fr\\\/espace-prive\\\/\"]}]},{\"@type\":\"BreadcrumbList\",\"@id\":\"http:\\\/\\\/plasticpuglia.com\\\/fr\\\/espace-prive\\\/#breadcrumb\",\"itemListElement\":[{\"@type\":\"ListItem\",\"position\":1,\"name\":\"Home\",\"item\":\"https:\\\/\\\/plasticpuglia.com\\\/fr\\\/\"},{\"@type\":\"ListItem\",\"position\":2,\"name\":\"Espace priv\u00e9\"}]},{\"@type\":\"WebSite\",\"@id\":\"https:\\\/\\\/plasticpuglia.com\\\/fr\\\/#website\",\"url\":\"https:\\\/\\\/plasticpuglia.com\\\/fr\\\/\",\"name\":\"Plastic Puglia\",\"description\":\"Sistemi completi per l&#039;irrigazione\",\"publisher\":{\"@id\":\"https:\\\/\\\/plasticpuglia.com\\\/fr\\\/#organization\"},\"potentialAction\":[{\"@type\":\"SearchAction\",\"target\":{\"@type\":\"EntryPoint\",\"urlTemplate\":\"https:\\\/\\\/plasticpuglia.com\\\/fr\\\/?s={search_term_string}\"},\"query-input\":{\"@type\":\"PropertyValueSpecification\",\"valueRequired\":true,\"valueName\":\"search_term_string\"}}],\"inLanguage\":\"fr-FR\"},{\"@type\":\"Organization\",\"@id\":\"https:\\\/\\\/plasticpuglia.com\\\/fr\\\/#organization\",\"name\":\"Plastic Puglia\",\"url\":\"https:\\\/\\\/plasticpuglia.com\\\/fr\\\/\",\"logo\":{\"@type\":\"ImageObject\",\"inLanguage\":\"fr-FR\",\"@id\":\"https:\\\/\\\/plasticpuglia.com\\\/fr\\\/#\\\/schema\\\/logo\\\/image\\\/\",\"url\":\"http:\\\/\\\/plasticpuglia.com\\\/wp-content\\\/uploads\\\/2024\\\/02\\\/logo-pp-n-full.png\",\"contentUrl\":\"http:\\\/\\\/plasticpuglia.com\\\/wp-content\\\/uploads\\\/2024\\\/02\\\/logo-pp-n-full.png\",\"width\":757,\"height\":93,\"caption\":\"Plastic Puglia\"},\"image\":{\"@id\":\"https:\\\/\\\/plasticpuglia.com\\\/fr\\\/#\\\/schema\\\/logo\\\/image\\\/\"}}]}<\/script>\n<!-- \/ Yoast SEO plugin. -->","yoast_head_json":{"title":"Espace priv\u00e9 - Plastic Puglia","robots":{"index":"index","follow":"follow","max-snippet":"max-snippet:-1","max-image-preview":"max-image-preview:large","max-video-preview":"max-video-preview:-1"},"canonical":"http:\/\/plasticpuglia.com\/fr\/espace-prive\/","og_locale":"fr_FR","og_type":"article","og_title":"Espace priv\u00e9 - Plastic Puglia","og_description":"Plastic Puglia Bienvenue dans votre espace r\u00e9serv\u00e9 Tous les documents t\u00e9l\u00e9chargeables","og_url":"http:\/\/plasticpuglia.com\/fr\/espace-prive\/","og_site_name":"Plastic Puglia","article_modified_time":"2025-03-05T10:41:23+00:00","twitter_card":"summary_large_image","schema":{"@context":"https:\/\/schema.org","@graph":[{"@type":"WebPage","@id":"http:\/\/plasticpuglia.com\/fr\/espace-prive\/","url":"http:\/\/plasticpuglia.com\/fr\/espace-prive\/","name":"Espace priv\u00e9 - Plastic Puglia","isPartOf":{"@id":"https:\/\/plasticpuglia.com\/fr\/#website"},"datePublished":"2024-06-09T15:20:59+00:00","dateModified":"2025-03-05T10:41:23+00:00","breadcrumb":{"@id":"http:\/\/plasticpuglia.com\/fr\/espace-prive\/#breadcrumb"},"inLanguage":"fr-FR","potentialAction":[{"@type":"ReadAction","target":["http:\/\/plasticpuglia.com\/fr\/espace-prive\/"]}]},{"@type":"BreadcrumbList","@id":"http:\/\/plasticpuglia.com\/fr\/espace-prive\/#breadcrumb","itemListElement":[{"@type":"ListItem","position":1,"name":"Home","item":"https:\/\/plasticpuglia.com\/fr\/"},{"@type":"ListItem","position":2,"name":"Espace priv\u00e9"}]},{"@type":"WebSite","@id":"https:\/\/plasticpuglia.com\/fr\/#website","url":"https:\/\/plasticpuglia.com\/fr\/","name":"Plastic Puglia","description":"Sistemi completi per l&#039;irrigazione","publisher":{"@id":"https:\/\/plasticpuglia.com\/fr\/#organization"},"potentialAction":[{"@type":"SearchAction","target":{"@type":"EntryPoint","urlTemplate":"https:\/\/plasticpuglia.com\/fr\/?s={search_term_string}"},"query-input":{"@type":"PropertyValueSpecification","valueRequired":true,"valueName":"search_term_string"}}],"inLanguage":"fr-FR"},{"@type":"Organization","@id":"https:\/\/plasticpuglia.com\/fr\/#organization","name":"Plastic Puglia","url":"https:\/\/plasticpuglia.com\/fr\/","logo":{"@type":"ImageObject","inLanguage":"fr-FR","@id":"https:\/\/plasticpuglia.com\/fr\/#\/schema\/logo\/image\/","url":"http:\/\/plasticpuglia.com\/wp-content\/uploads\/2024\/02\/logo-pp-n-full.png","contentUrl":"http:\/\/plasticpuglia.com\/wp-content\/uploads\/2024\/02\/logo-pp-n-full.png","width":757,"height":93,"caption":"Plastic Puglia"},"image":{"@id":"https:\/\/plasticpuglia.com\/fr\/#\/schema\/logo\/image\/"}}]}},"_links":{"self":[{"href":"http:\/\/plasticpuglia.com\/fr\/wp-json\/wp\/v2\/pages\/22367","targetHints":{"allow":["GET"]}}],"collection":[{"href":"http:\/\/plasticpuglia.com\/fr\/wp-json\/wp\/v2\/pages"}],"about":[{"href":"http:\/\/plasticpuglia.com\/fr\/wp-json\/wp\/v2\/types\/page"}],"author":[{"embeddable":true,"href":"http:\/\/plasticpuglia.com\/fr\/wp-json\/wp\/v2\/users\/1"}],"replies":[{"embeddable":true,"href":"http:\/\/plasticpuglia.com\/fr\/wp-json\/wp\/v2\/comments?post=22367"}],"version-history":[{"count":1,"href":"http:\/\/plasticpuglia.com\/fr\/wp-json\/wp\/v2\/pages\/22367\/revisions"}],"predecessor-version":[{"id":22368,"href":"http:\/\/plasticpuglia.com\/fr\/wp-json\/wp\/v2\/pages\/22367\/revisions\/22368"}],"wp:attachment":[{"href":"http:\/\/plasticpuglia.com\/fr\/wp-json\/wp\/v2\/media?parent=22367"}],"curies":[{"name":"wp","href":"https:\/\/api.w.org\/{rel}","templated":true}]}}