{"id":22255,"date":"2024-12-17T15:57:45","date_gmt":"2024-12-17T14:57:45","guid":{"rendered":"https:\/\/plasticpuglia.com\/philosophie-verte\/"},"modified":"2025-03-03T15:12:23","modified_gmt":"2025-03-03T14:12:23","slug":"philosophie-verte","status":"publish","type":"page","link":"http:\/\/plasticpuglia.com\/fr\/philosophie-verte\/","title":{"rendered":"Philosophie verte"},"content":{"rendered":"\t\t<div data-elementor-type=\"wp-page\" data-elementor-id=\"22255\" class=\"elementor elementor-22255 elementor-20502\" data-elementor-post-type=\"page\">\n\t\t\t\t<div class=\"elementor-element elementor-element-1fcf574 e-con-full hero e-flex e-con e-parent\" data-id=\"1fcf574\" data-element_type=\"container\" data-e-type=\"container\" data-settings=\"{&quot;background_background&quot;:&quot;classic&quot;}\">\n\t\t<div class=\"elementor-element elementor-element-a1d0748 e-con-full e-flex e-con e-child\" data-id=\"a1d0748\" data-element_type=\"container\" data-e-type=\"container\" data-settings=\"{&quot;background_background&quot;:&quot;classic&quot;}\">\n\t\t<div class=\"elementor-element elementor-element-e28502b gradient-azienda e-flex e-con-boxed e-con e-child\" data-id=\"e28502b\" data-element_type=\"container\" data-e-type=\"container\" data-settings=\"{&quot;background_background&quot;:&quot;gradient&quot;}\">\n\t\t\t\t\t<div class=\"e-con-inner\">\n\t\t\t\t\t<\/div>\n\t\t\t\t<\/div>\n\t\t<div class=\"elementor-element elementor-element-5e438a3 bg-image e-con-full e-flex e-con e-child\" data-id=\"5e438a3\" data-element_type=\"container\" data-e-type=\"container\" data-settings=\"{&quot;background_background&quot;:&quot;classic&quot;}\">\n\t\t\t\t<\/div>\n\t\t<div class=\"elementor-element elementor-element-7b86398 e-flex e-con-boxed e-con e-child\" data-id=\"7b86398\" data-element_type=\"container\" data-e-type=\"container\">\n\t\t\t\t\t<div class=\"e-con-inner\">\n\t\t\t\t\t<\/div>\n\t\t\t\t<\/div>\n\t\t<div class=\"elementor-element elementor-element-7a3e06b e-flex e-con-boxed e-con e-child\" data-id=\"7a3e06b\" data-element_type=\"container\" data-e-type=\"container\">\n\t\t\t\t\t<div class=\"e-con-inner\">\n\t\t\t\t<div class=\"elementor-element elementor-element-a86d8b5 elementor-widget elementor-widget-text-editor\" data-id=\"a86d8b5\" data-element_type=\"widget\" data-e-type=\"widget\" data-widget_type=\"text-editor.default\">\n\t\t\t\t\t\t\t\t\t<h1>Philosophie verte<\/h1>\n\t\t\t\t\t\t\t\t<\/div>\n\t\t\t\t<div class=\"elementor-element elementor-element-4d867d3 elementor-widget elementor-widget-text-editor\" data-id=\"4d867d3\" data-element_type=\"widget\" data-e-type=\"widget\" data-widget_type=\"text-editor.default\">\n\t\t\t\t\t\t\t\t\t<p>Philosophie verte<\/p>\n\t\t\t\t\t\t\t\t<\/div>\n\t\t\t\t\t<\/div>\n\t\t\t\t<\/div>\n\t\t<div class=\"elementor-element elementor-element-9f1904f e-flex e-con-boxed e-con e-child\" data-id=\"9f1904f\" data-element_type=\"container\" data-e-type=\"container\">\n\t\t\t\t\t<div class=\"e-con-inner\">\n\t\t\t\t<div class=\"elementor-element elementor-element-5b69411 elementor-widget elementor-widget-quilia-breadcrumbs\" data-id=\"5b69411\" data-element_type=\"widget\" data-e-type=\"widget\" data-widget_type=\"quilia-breadcrumbs.default\">\n\t\t\t\t<div class=\"elementor-widget-container\">\n\t\t\t\t\t<div class=\"quilia-breadcrumbs\"><a href=\"http:\/\/plasticpuglia.com\/fr\/\" style=\"text-transform:uppercase\">Plastic-Puglia<\/a><\/div>\t\t\t\t<\/div>\n\t\t\t\t<\/div>\n\t\t\t\t\t<\/div>\n\t\t\t\t<\/div>\n\t\t\t\t<\/div>\n\t\t\t\t<\/div>\n\t\t<div class=\"elementor-element elementor-element-3293f74 azienda-bar e-flex e-con-boxed e-con e-parent\" data-id=\"3293f74\" data-element_type=\"container\" data-e-type=\"container\" data-settings=\"{&quot;background_background&quot;:&quot;classic&quot;}\">\n\t\t\t\t\t<div class=\"e-con-inner\">\n\t\t<div class=\"elementor-element elementor-element-d2c3085 e-flex e-con-boxed e-con e-child\" data-id=\"d2c3085\" data-element_type=\"container\" data-e-type=\"container\">\n\t\t\t\t\t<div class=\"e-con-inner\">\n\t\t<div class=\"elementor-element elementor-element-d0d1906 e-con-full e-flex e-con e-child\" data-id=\"d0d1906\" data-element_type=\"container\" data-e-type=\"container\">\n\t\t\t\t<div class=\"elementor-element elementor-element-892ed91 animated-slow elementor-invisible elementor-widget elementor-widget-heading\" data-id=\"892ed91\" data-element_type=\"widget\" data-e-type=\"widget\" data-settings=\"{&quot;_animation&quot;:&quot;fadeIn&quot;,&quot;_animation_delay&quot;:300}\" data-widget_type=\"heading.default\">\n\t\t\t\t\t<h2 class=\"elementor-heading-title elementor-size-default\">Notre engagement en faveur de l'environnement<\/h2>\t\t\t\t<\/div>\n\t\t\t\t<div class=\"elementor-element elementor-element-f1dacb5 elementor-widget elementor-widget-text-editor\" data-id=\"f1dacb5\" data-element_type=\"widget\" data-e-type=\"widget\" data-settings=\"{&quot;_animation_mobile&quot;:&quot;fadeIn&quot;}\" data-widget_type=\"text-editor.default\">\n\t\t\t\t\t\t\t\t\t<p><strong>Pour nous, chez Plastic-Puglia, la durabilit\u00e9 n&rsquo;est pas qu&rsquo;un mot.<\/strong> C&rsquo;est le pilier fondateur sur lequel nous construisons chaque d\u00e9cision, avec l&rsquo;objectif d&rsquo;int\u00e9grer la valeur \u00e9conomique, la responsabilit\u00e9 sociale et le respect de l&rsquo;environnement dans un \u00e9quilibre vertueux et durable. La durabilit\u00e9 est une strat\u00e9gie qui implique l&rsquo;ensemble du cycle de vie de nos produits, de la conception \u00e0 la production, de la distribution \u00e0 la r\u00e9cup\u00e9ration et \u00e0 l&rsquo;\u00e9limination. <\/p>\n<p>C&rsquo;est le pilier fondateur sur lequel nous construisons chaque d\u00e9cision, avec l&rsquo;objectif d&rsquo;int\u00e9grer la valeur \u00e9conomique, la responsabilit\u00e9 sociale et le respect de l&rsquo;environnement dans un \u00e9quilibre vertueux et durable. La durabilit\u00e9 est une strat\u00e9gie qui implique l&rsquo;ensemble du cycle de vie de nos produits, de la conception \u00e0 la production, de la distribution \u00e0 la r\u00e9cup\u00e9ration et \u00e0 l&rsquo;\u00e9limination. <\/p>\n\t\t\t\t\t\t\t\t<\/div>\n\t\t\t\t<\/div>\n\t\t<div class=\"elementor-element elementor-element-b1d8999 e-con-full e-flex e-con e-child\" data-id=\"b1d8999\" data-element_type=\"container\" data-e-type=\"container\" data-settings=\"{&quot;background_background&quot;:&quot;classic&quot;,&quot;animation_mobile&quot;:&quot;zoomIn&quot;}\">\n\t\t\t\t<div class=\"elementor-element elementor-element-f144c36 elementor-widget-mobile__width-inherit elementor-invisible elementor-widget elementor-widget-image\" data-id=\"f144c36\" data-element_type=\"widget\" data-e-type=\"widget\" data-settings=\"{&quot;_animation&quot;:&quot;zoomIn&quot;,&quot;_animation_laptop&quot;:&quot;zoomIn&quot;}\" data-widget_type=\"image.default\">\n\t\t\t\t\t\t\t\t\t\t\t\t\t\t\t<img fetchpriority=\"high\" decoding=\"async\" width=\"1463\" height=\"1054\" src=\"http:\/\/plasticpuglia.com\/wp-content\/uploads\/2025\/01\/green-philosophy-.jpg\" class=\"attachment-full size-full wp-image-21067\" alt=\"\" srcset=\"http:\/\/plasticpuglia.com\/wp-content\/uploads\/2025\/01\/green-philosophy-.jpg 1463w, http:\/\/plasticpuglia.com\/wp-content\/uploads\/2025\/01\/green-philosophy--300x216.jpg 300w, http:\/\/plasticpuglia.com\/wp-content\/uploads\/2025\/01\/green-philosophy--1024x738.jpg 1024w, http:\/\/plasticpuglia.com\/wp-content\/uploads\/2025\/01\/green-philosophy--768x553.jpg 768w\" sizes=\"(max-width: 1463px) 100vw, 1463px\" \/>\t\t\t\t\t\t\t\t\t\t\t\t\t\t\t<\/div>\n\t\t\t\t<\/div>\n\t\t\t\t\t<\/div>\n\t\t\t\t<\/div>\n\t\t\t\t\t<\/div>\n\t\t\t\t<\/div>\n\t\t<div class=\"elementor-element elementor-element-4db11ef azienda-bar e-flex e-con-boxed elementor-invisible e-con e-parent\" data-id=\"4db11ef\" data-element_type=\"container\" data-e-type=\"container\" data-settings=\"{&quot;background_background&quot;:&quot;classic&quot;,&quot;animation&quot;:&quot;fadeInUp&quot;}\">\n\t\t\t\t\t<div class=\"e-con-inner\">\n\t\t<div class=\"elementor-element elementor-element-5337788 e-con-full e-flex e-con e-child\" data-id=\"5337788\" data-element_type=\"container\" data-e-type=\"container\">\n\t\t\t\t<div class=\"elementor-element elementor-element-336b205 elementor-widget elementor-widget-text-editor\" data-id=\"336b205\" data-element_type=\"widget\" data-e-type=\"widget\" data-settings=\"{&quot;_animation_mobile&quot;:&quot;fadeIn&quot;}\" data-widget_type=\"text-editor.default\">\n\t\t\t\t\t\t\t\t\t<p><strong>Notre philosophie d&rsquo;entreprise va au-del\u00e0 du respect des r\u00e9glementations.<\/strong> Nous avons adopt\u00e9 un Syst\u00e8me de Management Environnemental conforme \u00e0 la norme ISO 14001, qui nous permet de surveiller et de r\u00e9duire constamment l&rsquo;impact de nos activit\u00e9s de production sur l&rsquo;environnement. Parall\u00e8lement, nous respectons strictement les r\u00e9glementations sur la sant\u00e9 et la s\u00e9curit\u00e9 au travail conform\u00e9ment \u00e0 la certification ISO 45001, car pour nous, le bien-\u00eatre des personnes fait partie int\u00e9grante de la durabilit\u00e9. <\/p>\n<p>Nous investissons continuellement dans la recherche et le d\u00e9veloppement pour cr\u00e9er des technologies de pointe capables de r\u00e9duire l&rsquo;utilisation de ressources non renouvelables. Nous utilisons des processus de production \u00e0 haute efficacit\u00e9 \u00e9nerg\u00e9tique et promouvons la r\u00e9cup\u00e9ration responsable des installations et des mat\u00e9riaux en fin de vie, favorisant ainsi l&rsquo;\u00e9conomie circulaire. <\/p>\n<p>Nous sommes convaincus que <strong>la durabilit\u00e9, l&rsquo;innovation technologique et la r\u00e9ussite \u00e9conomique ne peuvent pas seulement coexister, mais sont interd\u00e9pendantes.<\/strong> Ce n&rsquo;est que gr\u00e2ce \u00e0 cette approche int\u00e9gr\u00e9e que nous pourrons relever les d\u00e9fis mondiaux, tels que le changement climatique et la demande croissante de ressources, et contribuer au bien-\u00eatre des g\u00e9n\u00e9rations futures.<\/p>\n<p>Plastic-Puglia s&rsquo;engage quotidiennement \u00e0 d\u00e9velopper des projets visant la durabilit\u00e9 environnementale et la promotion d&rsquo;une distribution \u00e9quitable des ressources, avec la conviction que chaque goutte d&rsquo;eau \u00e9conomis\u00e9e aujourd&rsquo;hui est un investissement pour demain.<\/p>\n\t\t\t\t\t\t\t\t<\/div>\n\t\t\t\t<\/div>\n\t\t\t\t\t<\/div>\n\t\t\t\t<\/div>\n\t\t<div class=\"elementor-element elementor-element-fbeb092 e-flex e-con-boxed e-con e-parent\" data-id=\"fbeb092\" data-element_type=\"container\" data-e-type=\"container\" data-settings=\"{&quot;background_background&quot;:&quot;classic&quot;}\">\n\t\t\t\t\t<div class=\"e-con-inner\">\n\t\t<div class=\"elementor-element elementor-element-43a1dc2 ignore-toc e-con-full e-flex e-con e-child\" data-id=\"43a1dc2\" data-element_type=\"container\" data-e-type=\"container\">\n\t\t<div class=\"elementor-element elementor-element-8bb12c6 e-con-full e-flex e-con e-child\" data-id=\"8bb12c6\" data-element_type=\"container\" data-e-type=\"container\" data-settings=\"{&quot;background_background&quot;:&quot;classic&quot;,&quot;animation_mobile&quot;:&quot;fadeInDown&quot;}\">\n\t\t\t\t<div class=\"elementor-element elementor-element-4c7ba50 elementor-widget elementor-widget-heading\" data-id=\"4c7ba50\" data-element_type=\"widget\" data-e-type=\"widget\" data-widget_type=\"heading.default\">\n\t\t\t\t\t<h3 class=\"elementor-heading-title elementor-size-default\">Vous Voulez Travailler chez Plastic-Puglia ?<\/h3>\t\t\t\t<\/div>\n\t\t\t\t<div class=\"elementor-element elementor-element-e8acac5 elementor-align-center elementor-invisible elementor-widget elementor-widget-button\" data-id=\"e8acac5\" data-element_type=\"widget\" data-e-type=\"widget\" data-settings=\"{&quot;_animation&quot;:&quot;fadeIn&quot;,&quot;_animation_delay&quot;:600}\" data-widget_type=\"button.default\">\n\t\t\t\t\t\t\t\t\t\t<a class=\"elementor-button elementor-size-sm\" role=\"button\">\n\t\t\t\t\t\t<span class=\"elementor-button-content-wrapper\">\n\t\t\t\t\t\t<span class=\"elementor-button-icon\">\n\t\t\t\t<svg aria-hidden=\"true\" class=\"e-font-icon-svg e-fab-telegram-plane\" viewBox=\"0 0 448 512\" xmlns=\"http:\/\/www.w3.org\/2000\/svg\"><path d=\"M446.7 98.6l-67.6 318.8c-5.1 22.5-18.4 28.1-37.3 17.5l-103-75.9-49.7 47.8c-5.5 5.5-10.1 10.1-20.7 10.1l7.4-104.9 190.9-172.5c8.3-7.4-1.8-11.5-12.9-4.1L117.8 284 16.2 252.2c-22.1-6.9-22.5-22.1 4.6-32.7L418.2 66.4c18.4-6.9 34.5 4.1 28.5 32.2z\"><\/path><\/svg>\t\t\t<\/span>\n\t\t\t\t\t\t\t\t\t<span class=\"elementor-button-text\">Envoyer une demande<\/span>\n\t\t\t\t\t<\/span>\n\t\t\t\t\t<\/a>\n\t\t\t\t\t\t\t\t<\/div>\n\t\t\t\t<\/div>\n\t\t\t\t<\/div>\n\t\t\t\t\t<\/div>\n\t\t\t\t<\/div>\n\t\t\t\t<\/div>\n\t\t","protected":false},"excerpt":{"rendered":"<p>Philosophie verte Philosophie verte Plastic Puglia Notre engagement en faveur de l&rsquo;environnement Pour nous, chez Plastic-Puglia, la durabilit\u00e9 n&rsquo;est pas qu&rsquo;un mot. C&rsquo;est le pilier fondateur sur lequel nous construisons chaque d\u00e9cision, avec l&rsquo;objectif d&rsquo;int\u00e9grer la valeur \u00e9conomique, la responsabilit\u00e9 sociale et le respect de l&rsquo;environnement dans un \u00e9quilibre vertueux et durable. La durabilit\u00e9 est [&hellip;]<\/p>\n","protected":false},"author":1,"featured_media":0,"parent":0,"menu_order":0,"comment_status":"closed","ping_status":"closed","template":"","meta":{"_acf_changed":false,"_eb_attr":"","footnotes":""},"class_list":["post-22255","page","type-page","status-publish","hentry"],"acf":[],"yoast_head":"<!-- This site is optimized with the Yoast SEO plugin v27.2 - https:\/\/yoast.com\/product\/yoast-seo-wordpress\/ -->\n<title>Philosophie verte - Plastic Puglia<\/title>\n<meta name=\"robots\" content=\"index, follow, max-snippet:-1, max-image-preview:large, max-video-preview:-1\" \/>\n<link rel=\"canonical\" href=\"http:\/\/plasticpuglia.com\/fr\/philosophie-verte\/\" \/>\n<meta property=\"og:locale\" content=\"fr_FR\" \/>\n<meta property=\"og:type\" content=\"article\" \/>\n<meta property=\"og:title\" content=\"Philosophie verte - Plastic Puglia\" \/>\n<meta property=\"og:description\" content=\"Philosophie verte Philosophie verte Plastic Puglia Notre engagement en faveur de l&rsquo;environnement Pour nous, chez Plastic-Puglia, la durabilit\u00e9 n&rsquo;est pas qu&rsquo;un mot. C&rsquo;est le pilier fondateur sur lequel nous construisons chaque d\u00e9cision, avec l&rsquo;objectif d&rsquo;int\u00e9grer la valeur \u00e9conomique, la responsabilit\u00e9 sociale et le respect de l&rsquo;environnement dans un \u00e9quilibre vertueux et durable. La durabilit\u00e9 est [&hellip;]\" \/>\n<meta property=\"og:url\" content=\"http:\/\/plasticpuglia.com\/fr\/philosophie-verte\/\" \/>\n<meta property=\"og:site_name\" content=\"Plastic Puglia\" \/>\n<meta property=\"article:modified_time\" content=\"2025-03-03T14:12:23+00:00\" \/>\n<meta property=\"og:image\" content=\"https:\/\/plasticpuglia.com\/wp-content\/uploads\/2025\/01\/green-philosophy-.jpg\" \/>\n<meta name=\"twitter:card\" content=\"summary_large_image\" \/>\n<meta name=\"twitter:label1\" content=\"Dur\u00e9e de lecture estim\u00e9e\" \/>\n\t<meta name=\"twitter:data1\" content=\"2 minutes\" \/>\n<script type=\"application\/ld+json\" class=\"yoast-schema-graph\">{\"@context\":\"https:\/\/schema.org\",\"@graph\":[{\"@type\":\"WebPage\",\"@id\":\"http:\/\/plasticpuglia.com\/fr\/philosophie-verte\/\",\"url\":\"http:\/\/plasticpuglia.com\/fr\/philosophie-verte\/\",\"name\":\"Philosophie verte - Plastic Puglia\",\"isPartOf\":{\"@id\":\"https:\/\/plasticpuglia.com\/fr\/#website\"},\"primaryImageOfPage\":{\"@id\":\"http:\/\/plasticpuglia.com\/fr\/philosophie-verte\/#primaryimage\"},\"image\":{\"@id\":\"http:\/\/plasticpuglia.com\/fr\/philosophie-verte\/#primaryimage\"},\"thumbnailUrl\":\"https:\/\/plasticpuglia.com\/wp-content\/uploads\/2025\/01\/green-philosophy-.jpg\",\"datePublished\":\"2024-12-17T14:57:45+00:00\",\"dateModified\":\"2025-03-03T14:12:23+00:00\",\"breadcrumb\":{\"@id\":\"http:\/\/plasticpuglia.com\/fr\/philosophie-verte\/#breadcrumb\"},\"inLanguage\":\"fr-FR\",\"potentialAction\":[{\"@type\":\"ReadAction\",\"target\":[\"http:\/\/plasticpuglia.com\/fr\/philosophie-verte\/\"]}]},{\"@type\":\"ImageObject\",\"inLanguage\":\"fr-FR\",\"@id\":\"http:\/\/plasticpuglia.com\/fr\/philosophie-verte\/#primaryimage\",\"url\":\"https:\/\/plasticpuglia.com\/wp-content\/uploads\/2025\/01\/green-philosophy-.jpg\",\"contentUrl\":\"https:\/\/plasticpuglia.com\/wp-content\/uploads\/2025\/01\/green-philosophy-.jpg\"},{\"@type\":\"BreadcrumbList\",\"@id\":\"http:\/\/plasticpuglia.com\/fr\/philosophie-verte\/#breadcrumb\",\"itemListElement\":[{\"@type\":\"ListItem\",\"position\":1,\"name\":\"Home\",\"item\":\"https:\/\/plasticpuglia.com\/fr\/\"},{\"@type\":\"ListItem\",\"position\":2,\"name\":\"Philosophie verte\"}]},{\"@type\":\"WebSite\",\"@id\":\"https:\/\/plasticpuglia.com\/fr\/#website\",\"url\":\"https:\/\/plasticpuglia.com\/fr\/\",\"name\":\"Plastic Puglia\",\"description\":\"Sistemi completi per l&#039;irrigazione\",\"publisher\":{\"@id\":\"https:\/\/plasticpuglia.com\/fr\/#organization\"},\"potentialAction\":[{\"@type\":\"SearchAction\",\"target\":{\"@type\":\"EntryPoint\",\"urlTemplate\":\"https:\/\/plasticpuglia.com\/fr\/?s={search_term_string}\"},\"query-input\":{\"@type\":\"PropertyValueSpecification\",\"valueRequired\":true,\"valueName\":\"search_term_string\"}}],\"inLanguage\":\"fr-FR\"},{\"@type\":\"Organization\",\"@id\":\"https:\/\/plasticpuglia.com\/fr\/#organization\",\"name\":\"Plastic Puglia\",\"url\":\"https:\/\/plasticpuglia.com\/fr\/\",\"logo\":{\"@type\":\"ImageObject\",\"inLanguage\":\"fr-FR\",\"@id\":\"https:\/\/plasticpuglia.com\/fr\/#\/schema\/logo\/image\/\",\"url\":\"http:\/\/plasticpuglia.com\/wp-content\/uploads\/2024\/02\/logo-pp-n-full.png\",\"contentUrl\":\"http:\/\/plasticpuglia.com\/wp-content\/uploads\/2024\/02\/logo-pp-n-full.png\",\"width\":757,\"height\":93,\"caption\":\"Plastic Puglia\"},\"image\":{\"@id\":\"https:\/\/plasticpuglia.com\/fr\/#\/schema\/logo\/image\/\"}}]}<\/script>\n<!-- \/ Yoast SEO plugin. -->","yoast_head_json":{"title":"Philosophie verte - Plastic Puglia","robots":{"index":"index","follow":"follow","max-snippet":"max-snippet:-1","max-image-preview":"max-image-preview:large","max-video-preview":"max-video-preview:-1"},"canonical":"http:\/\/plasticpuglia.com\/fr\/philosophie-verte\/","og_locale":"fr_FR","og_type":"article","og_title":"Philosophie verte - Plastic Puglia","og_description":"Philosophie verte Philosophie verte Plastic Puglia Notre engagement en faveur de l&rsquo;environnement Pour nous, chez Plastic-Puglia, la durabilit\u00e9 n&rsquo;est pas qu&rsquo;un mot. C&rsquo;est le pilier fondateur sur lequel nous construisons chaque d\u00e9cision, avec l&rsquo;objectif d&rsquo;int\u00e9grer la valeur \u00e9conomique, la responsabilit\u00e9 sociale et le respect de l&rsquo;environnement dans un \u00e9quilibre vertueux et durable. La durabilit\u00e9 est [&hellip;]","og_url":"http:\/\/plasticpuglia.com\/fr\/philosophie-verte\/","og_site_name":"Plastic Puglia","article_modified_time":"2025-03-03T14:12:23+00:00","og_image":[{"url":"https:\/\/plasticpuglia.com\/wp-content\/uploads\/2025\/01\/green-philosophy-.jpg","type":"","width":"","height":""}],"twitter_card":"summary_large_image","twitter_misc":{"Dur\u00e9e de lecture estim\u00e9e":"2 minutes"},"schema":{"@context":"https:\/\/schema.org","@graph":[{"@type":"WebPage","@id":"http:\/\/plasticpuglia.com\/fr\/philosophie-verte\/","url":"http:\/\/plasticpuglia.com\/fr\/philosophie-verte\/","name":"Philosophie verte - Plastic Puglia","isPartOf":{"@id":"https:\/\/plasticpuglia.com\/fr\/#website"},"primaryImageOfPage":{"@id":"http:\/\/plasticpuglia.com\/fr\/philosophie-verte\/#primaryimage"},"image":{"@id":"http:\/\/plasticpuglia.com\/fr\/philosophie-verte\/#primaryimage"},"thumbnailUrl":"https:\/\/plasticpuglia.com\/wp-content\/uploads\/2025\/01\/green-philosophy-.jpg","datePublished":"2024-12-17T14:57:45+00:00","dateModified":"2025-03-03T14:12:23+00:00","breadcrumb":{"@id":"http:\/\/plasticpuglia.com\/fr\/philosophie-verte\/#breadcrumb"},"inLanguage":"fr-FR","potentialAction":[{"@type":"ReadAction","target":["http:\/\/plasticpuglia.com\/fr\/philosophie-verte\/"]}]},{"@type":"ImageObject","inLanguage":"fr-FR","@id":"http:\/\/plasticpuglia.com\/fr\/philosophie-verte\/#primaryimage","url":"https:\/\/plasticpuglia.com\/wp-content\/uploads\/2025\/01\/green-philosophy-.jpg","contentUrl":"https:\/\/plasticpuglia.com\/wp-content\/uploads\/2025\/01\/green-philosophy-.jpg"},{"@type":"BreadcrumbList","@id":"http:\/\/plasticpuglia.com\/fr\/philosophie-verte\/#breadcrumb","itemListElement":[{"@type":"ListItem","position":1,"name":"Home","item":"https:\/\/plasticpuglia.com\/fr\/"},{"@type":"ListItem","position":2,"name":"Philosophie verte"}]},{"@type":"WebSite","@id":"https:\/\/plasticpuglia.com\/fr\/#website","url":"https:\/\/plasticpuglia.com\/fr\/","name":"Plastic Puglia","description":"Sistemi completi per l&#039;irrigazione","publisher":{"@id":"https:\/\/plasticpuglia.com\/fr\/#organization"},"potentialAction":[{"@type":"SearchAction","target":{"@type":"EntryPoint","urlTemplate":"https:\/\/plasticpuglia.com\/fr\/?s={search_term_string}"},"query-input":{"@type":"PropertyValueSpecification","valueRequired":true,"valueName":"search_term_string"}}],"inLanguage":"fr-FR"},{"@type":"Organization","@id":"https:\/\/plasticpuglia.com\/fr\/#organization","name":"Plastic Puglia","url":"https:\/\/plasticpuglia.com\/fr\/","logo":{"@type":"ImageObject","inLanguage":"fr-FR","@id":"https:\/\/plasticpuglia.com\/fr\/#\/schema\/logo\/image\/","url":"http:\/\/plasticpuglia.com\/wp-content\/uploads\/2024\/02\/logo-pp-n-full.png","contentUrl":"http:\/\/plasticpuglia.com\/wp-content\/uploads\/2024\/02\/logo-pp-n-full.png","width":757,"height":93,"caption":"Plastic Puglia"},"image":{"@id":"https:\/\/plasticpuglia.com\/fr\/#\/schema\/logo\/image\/"}}]}},"_links":{"self":[{"href":"http:\/\/plasticpuglia.com\/fr\/wp-json\/wp\/v2\/pages\/22255","targetHints":{"allow":["GET"]}}],"collection":[{"href":"http:\/\/plasticpuglia.com\/fr\/wp-json\/wp\/v2\/pages"}],"about":[{"href":"http:\/\/plasticpuglia.com\/fr\/wp-json\/wp\/v2\/types\/page"}],"author":[{"embeddable":true,"href":"http:\/\/plasticpuglia.com\/fr\/wp-json\/wp\/v2\/users\/1"}],"replies":[{"embeddable":true,"href":"http:\/\/plasticpuglia.com\/fr\/wp-json\/wp\/v2\/comments?post=22255"}],"version-history":[{"count":1,"href":"http:\/\/plasticpuglia.com\/fr\/wp-json\/wp\/v2\/pages\/22255\/revisions"}],"predecessor-version":[{"id":22256,"href":"http:\/\/plasticpuglia.com\/fr\/wp-json\/wp\/v2\/pages\/22255\/revisions\/22256"}],"wp:attachment":[{"href":"http:\/\/plasticpuglia.com\/fr\/wp-json\/wp\/v2\/media?parent=22255"}],"curies":[{"name":"wp","href":"https:\/\/api.w.org\/{rel}","templated":true}]}}